{"id":10631,"date":"2026-04-07T11:09:19","date_gmt":"2026-04-07T10:09:19","guid":{"rendered":"https:\/\/gabrientum.es\/?page_id=10631"},"modified":"2026-04-12T10:34:25","modified_gmt":"2026-04-12T09:34:25","slug":"catalogos","status":"publish","type":"page","link":"https:\/\/gabrientum.es\/en\/catalogos\/","title":{"rendered":"Cat\u00e1logos"},"content":{"rendered":"<div class=\"wpb-content-wrapper\"><div class=\"vc_row wpb_row row top-row wpb_custom_034b39d9bc6c6b310d69e39f0ccf274f\"><div class=\"vc_column_container col-md-4\"><div class=\"wpb_wrapper vc_column-inner\">\r\n\t<div class=\"wpb_single_image wpb_content_element vc_align_center wpb_content_element  wpb_custom_81a4f7ef9830bf958462581aa01150fb\"><div class=\"wpb_wrapper\">\r\n\t\t\t<h2 class=\"wpb_heading wpb_singleimage_heading\">EMAC 2026<\/h2>\r\n\t\t\t<a href=\"https:\/\/gabrientum.es\/wp-content\/uploads\/2026\/04\/EMAC-2026-Espana-1.pdf\" target=\"_blank\" aria-label=\"Zoom the image\"><div class=\"vc_single_image-wrapper   vc_box_border_grey\"><img decoding=\"async\" width=\"1074\" height=\"1520\" src=\"https:\/\/gabrientum.es\/wp-content\/uploads\/2026\/04\/Captura-de-ecran-din-2026-04-07-la-12.37.30.jpg\" class=\"vc_single_image-img attachment-full\" alt=\"emac 2026 cover\" title=\"emac 2026 cover\" srcset=\"https:\/\/gabrientum.es\/wp-content\/uploads\/2026\/04\/Captura-de-ecran-din-2026-04-07-la-12.37.30.jpg 1074w, https:\/\/gabrientum.es\/wp-content\/uploads\/2026\/04\/Captura-de-ecran-din-2026-04-07-la-12.37.30-724x1024.jpg 724w, https:\/\/gabrientum.es\/wp-content\/uploads\/2026\/04\/Captura-de-ecran-din-2026-04-07-la-12.37.30-768x1087.jpg 768w, https:\/\/gabrientum.es\/wp-content\/uploads\/2026\/04\/Captura-de-ecran-din-2026-04-07-la-12.37.30-640x906.jpg 640w, https:\/\/gabrientum.es\/wp-content\/uploads\/2026\/04\/Captura-de-ecran-din-2026-04-07-la-12.37.30-400x566.jpg 400w\" sizes=\"(max-width: 1074px) 100vw, 1074px\" \/><\/div><\/a>\r\n\t\t<\/div>\r\n\t<\/div>\r\n<\/div><\/div><div class=\"vc_column_container col-md-4\"><div class=\"wpb_wrapper vc_column-inner\">\r\n\t<div class=\"wpb_single_image wpb_content_element vc_align_center wpb_content_element  wpb_custom_81a4f7ef9830bf958462581aa01150fb\"><div class=\"wpb_wrapper\">\r\n\t\t\t<h2 class=\"wpb_heading wpb_singleimage_heading\">NO\u00cbL &amp; MARQUET 2026<\/h2>\r\n\t\t\t<a href=\"https:\/\/gabrientum.es\/wp-content\/uploads\/2026\/04\/NOEL-MARQUET-2026.pdf\" target=\"_self\" aria-label=\"Zoom the image\"><div class=\"vc_single_image-wrapper   vc_box_border_grey\"><img decoding=\"async\" width=\"1074\" height=\"1520\" src=\"https:\/\/gabrientum.es\/wp-content\/uploads\/2026\/04\/Captura-de-ecran-din-2026-04-07-la-12.54.07.jpg\" class=\"vc_single_image-img attachment-full\" alt=\"NOE\u0308L &amp; MARQUET\" title=\"NOE\u0308L &amp; MARQUET\" srcset=\"https:\/\/gabrientum.es\/wp-content\/uploads\/2026\/04\/Captura-de-ecran-din-2026-04-07-la-12.54.07.jpg 1074w, https:\/\/gabrientum.es\/wp-content\/uploads\/2026\/04\/Captura-de-ecran-din-2026-04-07-la-12.54.07-724x1024.jpg 724w, https:\/\/gabrientum.es\/wp-content\/uploads\/2026\/04\/Captura-de-ecran-din-2026-04-07-la-12.54.07-768x1087.jpg 768w, https:\/\/gabrientum.es\/wp-content\/uploads\/2026\/04\/Captura-de-ecran-din-2026-04-07-la-12.54.07-640x906.jpg 640w, https:\/\/gabrientum.es\/wp-content\/uploads\/2026\/04\/Captura-de-ecran-din-2026-04-07-la-12.54.07-400x566.jpg 400w\" sizes=\"(max-width: 1074px) 100vw, 1074px\" \/><\/div><\/a>\r\n\t\t<\/div>\r\n\t<\/div>\r\n<\/div><\/div><div class=\"vc_column_container col-md-4\"><div class=\"wpb_wrapper vc_column-inner\">\r\n\t<div class=\"wpb_single_image wpb_content_element vc_align_center wpb_content_element  wpb_custom_81a4f7ef9830bf958462581aa01150fb\"><div class=\"wpb_wrapper\">\r\n\t\t\t<h2 class=\"wpb_heading wpb_singleimage_heading\">CLIPLIST 2025 - rodapi\u00e9 minimalista<\/h2>\r\n\t\t\t<a href=\"https:\/\/gabrientum.es\/wp-content\/uploads\/2026\/04\/CLIPLIST-2025-rodapie-minimalista.pdf\" target=\"_blank\" aria-label=\"Zoom the image\"><div class=\"vc_single_image-wrapper   vc_box_border_grey\"><img decoding=\"async\" width=\"1070\" height=\"1510\" src=\"https:\/\/gabrientum.es\/wp-content\/uploads\/2026\/04\/cliplist-cover.jpg\" class=\"vc_single_image-img attachment-full\" alt=\"\" title=\"Screenshot\" srcset=\"https:\/\/gabrientum.es\/wp-content\/uploads\/2026\/04\/cliplist-cover.jpg 1070w, https:\/\/gabrientum.es\/wp-content\/uploads\/2026\/04\/cliplist-cover-726x1024.jpg 726w, https:\/\/gabrientum.es\/wp-content\/uploads\/2026\/04\/cliplist-cover-768x1084.jpg 768w, https:\/\/gabrientum.es\/wp-content\/uploads\/2026\/04\/cliplist-cover-640x903.jpg 640w, https:\/\/gabrientum.es\/wp-content\/uploads\/2026\/04\/cliplist-cover-400x564.jpg 400w\" sizes=\"(max-width: 1070px) 100vw, 1070px\" \/><\/div><\/a>\r\n\t\t<\/div>\r\n\t<\/div>\r\n<\/div><\/div><\/div><div class=\"vc_row wpb_row row top-row wpb_custom_034b39d9bc6c6b310d69e39f0ccf274f\"><div class=\"vc_column_container col-md-4\"><div class=\"wpb_wrapper vc_column-inner\">\r\n\t<div class=\"wpb_single_image wpb_content_element vc_align_center wpb_content_element  wpb_custom_81a4f7ef9830bf958462581aa01150fb\"><div class=\"wpb_wrapper\">\r\n\t\t\t<h2 class=\"wpb_heading wpb_singleimage_heading\">ALLUboard 2025 - rodapi\u00e9 aluminio<\/h2>\r\n\t\t\t<a href=\"https:\/\/gabrientum.es\/wp-content\/uploads\/2026\/04\/ALLUboard-2025-1.pdf\" target=\"_blank\" aria-label=\"Zoom the image\"><div class=\"vc_single_image-wrapper   vc_box_border_grey\"><img decoding=\"async\" width=\"1000\" height=\"1500\" src=\"https:\/\/gabrientum.es\/wp-content\/uploads\/2026\/04\/alluboard-cover-.jpg\" class=\"vc_single_image-img attachment-full\" alt=\"\" title=\"Screenshot\" srcset=\"https:\/\/gabrientum.es\/wp-content\/uploads\/2026\/04\/alluboard-cover-.jpg 1000w, https:\/\/gabrientum.es\/wp-content\/uploads\/2026\/04\/alluboard-cover--683x1024.jpg 683w, https:\/\/gabrientum.es\/wp-content\/uploads\/2026\/04\/alluboard-cover--768x1152.jpg 768w, https:\/\/gabrientum.es\/wp-content\/uploads\/2026\/04\/alluboard-cover--640x960.jpg 640w, https:\/\/gabrientum.es\/wp-content\/uploads\/2026\/04\/alluboard-cover--400x600.jpg 400w\" sizes=\"(max-width: 1000px) 100vw, 1000px\" \/><\/div><\/a>\r\n\t\t<\/div>\r\n\t<\/div>\r\n<\/div><\/div><div class=\"vc_column_container col-md-4\"><div class=\"wpb_wrapper vc_column-inner\">\r\n\t<div class=\"wpb_single_image wpb_content_element vc_align_center wpb_content_element  wpb_custom_81a4f7ef9830bf958462581aa01150fb\"><div class=\"wpb_wrapper\">\r\n\t\t\t<h2 class=\"wpb_heading wpb_singleimage_heading\">INOXboard 2025  -rodapi\u00e9 inox<\/h2>\r\n\t\t\t<a href=\"https:\/\/gabrientum.es\/wp-content\/uploads\/2026\/04\/INOXboard-2025.pdf\" target=\"_self\" aria-label=\"Zoom the image\"><div class=\"vc_single_image-wrapper   vc_box_border_grey\"><img decoding=\"async\" width=\"1000\" height=\"1500\" src=\"https:\/\/gabrientum.es\/wp-content\/uploads\/2026\/04\/inoxboard-cover-1.jpg\" class=\"vc_single_image-img attachment-full\" alt=\"\" title=\"Screenshot\" srcset=\"https:\/\/gabrientum.es\/wp-content\/uploads\/2026\/04\/inoxboard-cover-1.jpg 1000w, https:\/\/gabrientum.es\/wp-content\/uploads\/2026\/04\/inoxboard-cover-1-683x1024.jpg 683w, https:\/\/gabrientum.es\/wp-content\/uploads\/2026\/04\/inoxboard-cover-1-768x1152.jpg 768w, https:\/\/gabrientum.es\/wp-content\/uploads\/2026\/04\/inoxboard-cover-1-640x960.jpg 640w, https:\/\/gabrientum.es\/wp-content\/uploads\/2026\/04\/inoxboard-cover-1-400x600.jpg 400w\" sizes=\"(max-width: 1000px) 100vw, 1000px\" \/><\/div><\/a>\r\n\t\t<\/div>\r\n\t<\/div>\r\n<\/div><\/div><\/div><div class=\"vc_row wpb_row row top-row wpb_custom_034b39d9bc6c6b310d69e39f0ccf274f\"><div class=\"vc_column_container col-md-12\"><div class=\"wpb_wrapper vc_column-inner\">\r\n\t<div class=\"wpb_text_column wpb_content_element wpb_custom_7c91d232724f73626cc933bd95b25ff0\" >\r\n\t\t<div class=\"wpb_wrapper\">\r\n\t\t\t<p style=\"text-align: center;\"><span style=\"font-size: 14px;\"><em>Los precios de referencia mostrados son los recomendados por el fabricante (PVP &#8211; Precio de Venta al P\u00fablico) y no incluyen el IVA.<\/em><\/span><\/p>\n\r\n\t\t<\/div>\r\n\t<\/div>\r\n<\/div><\/div><\/div>\n<\/div>","protected":false},"excerpt":{"rendered":"EMAC 2026 NO\u00cbL &amp; MARQUET 2026 CLIPLIST 2025 - rodapi\u00e9 minimalista ALLUboard 2025 - rodapi\u00e9 aluminio INOXboard 2025 -rodapi\u00e9 inox Los precios de referencia mostrados son los recomendados por el fabricante (PVP - Precio de Venta al P\u00fablico) y no incluyen el IVA.","protected":false},"author":2,"featured_media":0,"parent":0,"menu_order":0,"comment_status":"closed","ping_status":"closed","template":"","meta":{"iawp_total_views":0,"footnotes":""},"class_list":["post-10631","page","type-page","status-publish","hentry"],"aioseo_notices":[],"_links":{"self":[{"href":"https:\/\/gabrientum.es\/en\/wp-json\/wp\/v2\/pages\/10631","targetHints":{"allow":["GET"]}}],"collection":[{"href":"https:\/\/gabrientum.es\/en\/wp-json\/wp\/v2\/pages"}],"about":[{"href":"https:\/\/gabrientum.es\/en\/wp-json\/wp\/v2\/types\/page"}],"author":[{"embeddable":true,"href":"https:\/\/gabrientum.es\/en\/wp-json\/wp\/v2\/users\/2"}],"replies":[{"embeddable":true,"href":"https:\/\/gabrientum.es\/en\/wp-json\/wp\/v2\/comments?post=10631"}],"version-history":[{"count":0,"href":"https:\/\/gabrientum.es\/en\/wp-json\/wp\/v2\/pages\/10631\/revisions"}],"wp:attachment":[{"href":"https:\/\/gabrientum.es\/en\/wp-json\/wp\/v2\/media?parent=10631"}],"curies":[{"name":"wp","href":"https:\/\/api.w.org\/{rel}","templated":true}]}}