{"id":13,"date":"2025-11-14T22:32:44","date_gmt":"2025-11-14T21:32:44","guid":{"rendered":"https:\/\/gabrientum.es\/?page_id=13"},"modified":"2026-05-05T19:42:44","modified_gmt":"2026-05-05T18:42:44","slug":"politica-de-reembolsos-y-devoluciones","status":"publish","type":"page","link":"https:\/\/gabrientum.es\/en\/politica-de-reembolsos-y-devoluciones\/","title":{"rendered":"Pol\u00edtica de reembolsos y devoluciones"},"content":{"rendered":"<div class=\"wpb-content-wrapper\"><div class=\"vc_row wpb_row row top-row wpb_custom_034b39d9bc6c6b310d69e39f0ccf274f\"><div class=\"vc_column_container col-md-2\"><div class=\"wpb_wrapper vc_column-inner\"><\/div><\/div><div class=\"vc_column_container col-md-8\"><div class=\"wpb_wrapper vc_column-inner\">\r\n\t<div class=\"wpb_text_column wpb_content_element wpb_custom_7c91d232724f73626cc933bd95b25ff0\" >\r\n\t\t<div class=\"wpb_wrapper\">\r\n\t\t\t<p><strong><span style=\"font-size: 14px;\">1. RIGHT OF WITHDRAWAL OF CONSUMERS (Individuals)<\/span><\/strong><\/p>\n<p><span style=\"font-size: 14px;\">According to current legislation, consumers have 14 calendar days to return a purchased product without needing to justify their decision to withdraw. The withdrawal period begins from the date of delivery or collection of the product, and the return shipping costs are the responsibility of the consumer.<\/span><\/p>\n<p><span style=\"font-size: 14px;\">Products delivered according to the consumer's specifications or customized cannot be returned. Therefore, products made to the consumer's specifications (dimensions, model, etc.) are exempt from the right of withdrawal.<\/span><\/p>\n<p><span style=\"font-size: 14px;\">Products can be returned with the option of an exchange or a full refund of the price.<\/span><\/p>\n<p><strong><span style=\"font-size: 14px;\">2. PROCEDURE REGARDING THE RIGHT OF WITHDRAWAL<\/span><\/strong><\/p>\n<p><span style=\"font-size: 14px;\">Purchased products can be returned within 14 calendar days from the date of delivery or collection at the point of sale (\"Return Period\").<\/span><\/p>\n<p><span style=\"font-size: 14px;\">The decision to return the product must be communicated unequivocally before the Return Period expires; otherwise, the consumer will lose the right of withdrawal.<\/span><\/p>\n<p><span style=\"font-size: 14px;\">The return decision can be communicated by means of a written request sent by email to info@gabrientum.es, which must include the following information: full name of the consumer, telephone number, email address, the product you wish to return, the quantity, the date and delivery address of the product to the consumer or the date of collection at the point of sale.<\/span><\/p>\n<p><span style=\"font-size: 14px;\">The consumer must return the product within a maximum period of 14 calendar days from the date of communication of the return decision.<\/span><\/p>\n<p><span style=\"font-size: 14px;\">The physical return of the products within the aforementioned period can be carried out through transport\/courier\/postal companies.<\/span><\/p>\n<p class=\"p1\"><span style=\"font-size: 14px;\">Direcci\u00f3n de Devoluci\u00f3n (Almac\u00e9n de Origen): <\/span><span style=\"font-size: 14px;\">Debido a nuestra estructura log\u00edstica internacional utilizada, los productos se env\u00edan desde diferentes centros de distribuci\u00f3n europeos. En caso de ejercer su derecho de desistimiento, el Cliente deber\u00e1 devolver el producto obligatoriamente al almac\u00e9n de origen desde donde se realiz\u00f3 el env\u00edo inicial (por ejemplo Italia u otros almacenes internacionales). La direcci\u00f3n exacta de devoluci\u00f3n ser\u00e1 facilitada por nuestro servicio de atenci\u00f3n al cliente tras recibir la notificaci\u00f3n de desistimiento. No se aceptar\u00e1n devoluciones enviadas a nuestra sede social u otras oficinas administrativas que no coincidan con el almac\u00e9n log\u00edstico de expedici\u00f3n.<\/span><\/p>\n<p><span style=\"font-size: 14px;\">The consumer will be responsible for the costs of returning the product. <\/span><span style=\"font-size: 14px;\">El Cliente ser\u00e1 el \u00fanico responsable de contratar a un transportista cualificado, organizar la log\u00edstica y sufragar la totalidad de los costes de env\u00edo internacional de vuelta.<\/span><\/p>\n<p class=\"p1\"><span style=\"font-size: 14px;\">Advertencia de costes elevados: Gran parte de los productos ofrecidos tienen dimensiones at\u00edpicas (superiores a 200 cm) &#8211; De acuerdo con el Art. 108.1 del Real Decreto Legislativo 1\/2007, le informamos de que, debido a las dimensiones excepcionales del paquete (mercanc\u00eda de gran longitud o \u00ablong goods\u00bb), el coste de la devoluci\u00f3n puede ser elevado. Se estima que el coste del transporte internacional puede oscilar entre 80 EUR y 250 EUR, , o incluso superar esa cifra dependiendo del transportista elegido, el destino y las dimensiones espec\u00edficas. Recomendamos consultar tarifas con agencias de transporte especializado antes de iniciar el proceso. El Vendedor no ofrece servicio de recogida ni soluciones de transporte para las devoluciones.<\/span><\/p>\n<p class=\"p1\"><span style=\"font-size: 14px;\">Responsabilidad durante el trayecto: Seg\u00fan la normativa vigente, cuando el Cliente organiza el transporte, este asume toda la responsabilidad sobre la integridad del producto hasta su recepci\u00f3n f\u00edsica en nuestro almac\u00e9n. Cualquier p\u00e9rdida, rotura o deterioro ocurrido durante el transporte de devoluci\u00f3n ser\u00e1 responsabilidad exclusiva del Cliente y de su transportista.<\/span><\/p>\n<p><span style=\"font-size: 14px;\">All returned products must be in the same condition as when received. Products that have suffered subsequent deterioration, or that show signs of moisture, scratches, chips, dents, mechanical impacts, paint, or adhesives will not be accepted.<\/span><\/p>\n<p class=\"p1\"><span style=\"font-size: 14px;\">Embalaje obligatorio: Debido a la fragilidad de los productos de gran longitud frente a la flexi\u00f3n, los art\u00edculos debe devolverse en su embalaje original r\u00edgido o en un embalaje de protecci\u00f3n equivalente que garantice la inmovilidad total del producto<\/span><span style=\"font-size: 14px;\">, con las etiquetas originales intactas y todos los documentos que acompa\u00f1aban a la entrega del producto.<\/span><\/p>\n<p class=\"p1\"><span style=\"font-size: 14px;\">Procedimiento de Recepci\u00f3n en Almac\u00e9n: Todas las devoluciones de dimensiones at\u00edpicas ser\u00e1n inspeccionadas a su llegada. Si el embalaje presenta da\u00f1os externos visibles en el momento de la entrega por parte del transportista del Cliente, el Vendedor se reserva el derecho de rechazar el paquete o aceptarlo indicando \u00abreservas de examen\u00bb en el albar\u00e1n de entrega. Se informar\u00e1 al Cliente en un plazo de 48 horas para que pueda gestionar la reclamaci\u00f3n de da\u00f1os con su agencia de transporte.<\/span><\/p>\n<p><span style=\"font-size: 14px;\">Si desiste de este contrato, se le reembolsar\u00e1n todos los pagos recibidos de usted por los productos pedidos y entregados, <span class=\"s1\">incluidos los gastos de entrega ordinarios<\/span><span class=\"s2\"> (con la excepci\u00f3n de los gastos adicionales resultantes de la elecci\u00f3n por su parte de una modalidad de entrega diferente a la modalidad menos costosa de entrega ordinaria que ofrezcamos). Los costes directos de la devoluci\u00f3n del producto (transporte desde el domicilio del cliente al almac\u00e9n de origen) correr\u00e1n \u00edntegramente a cargo del consumidor.<\/span><\/span><\/p>\n<p><span style=\"font-size: 14px;\">If the consumer exercises the right of withdrawal, in accordance with current legislation, and requests a refund of the price, the amount received will be refunded using the same payment method used for the initial transaction, within a maximum period of 14 days from the date on which they were informed of their decision to withdraw.<\/span><\/p>\n<p><span style=\"font-size: 14px;\">GABRIENTUM may postpone the refund until the date of receipt of the products subject to the sale or until the consumer proves the shipment of the products to the professional, considering the earliest date.<\/span><\/p>\n<p data-path-to-node=\"4\"><span style=\"font-size: 14px;\"><b data-path-to-node=\"4\" data-index-in-node=\"0\">3. DEPRECIAC\u00cdON DE LOS BIENES DEVUELTOS<\/b><\/span><\/p>\n<p data-path-to-node=\"5\"><span style=\"font-size: 14px;\">In accordance with current regulations (General Law for the Defense of Consumers and Users), <span class=\"citation-31\">the consumer will be responsible for the <\/span><span class=\"citation-31\">decrease in the value of assets<\/span><span class=\"citation-31 citation-end-31\"> resulting from a manipulation of them other than that necessary to establish their nature, characteristics or functioning<\/span>ento.<\/span><\/p>\n<p data-path-to-node=\"6\"><span style=\"font-size: 14px;\">To be entitled to a full refund, the product must be returned in the same condition in which it was delivered. If the returned product shows signs of excessive use, damage, missing accessories, or is not returned in its original packaging, GABRIENTUM reserves the right to:<\/span><\/p>\n<p data-path-to-node=\"7,0,0\"><span style=\"font-size: 14px;\">\u2013 Deduct an amount from the total refund for depreciation (reconditioning, cleaning or loss of commercial value).<\/span><\/p>\n<p><span style=\"font-size: 14px;\">\u2013 Reject the return if the product has been handled in such a way that it is not possible to resell it.<\/span><\/p>\n<p><strong><span style=\"font-size: 14px;\">4. TRATAMIENTO DE DATOS PERSONALES<\/span><\/strong><\/p>\n<p><span style=\"font-size: 14px;\">GABRIENTUM processes personal data in accordance with current legislation for:<\/span><br \/>\n<span style=\"font-size: 14px;\">4.1 La ejecuci\u00f3n del contrato celebrado con usted, que incluye la devoluci\u00f3n de productos o el reembolso de importes como consecuencia de la aceptaci\u00f3n del servicio de devoluci\u00f3n, de acuerdo con las disposiciones legales y las condiciones mencionadas anteriormente;<\/span><br \/>\n<span style=\"font-size: 14px;\">4.2 El cumplimiento de la normativa legal y reglamentaria.<\/span><\/p>\n<p><span style=\"font-size: 14px;\">If there are no discrepancies and the products meet all the aforementioned return conditions, the corresponding financial and accounting documents will be prepared in accordance with current legislation (return\/advance invoice, compensation order, payment order, receipt). The personal data required for the preparation of these documents includes: surname, first name, address, bank account details, contact information, etc., as applicable.<\/span><\/p>\n<p><span style=\"font-size: 14px;\">If you do not wish to provide this information, it will not be possible to return the products, even if they meet the return conditions mentioned above, as we cannot comply with tax legislation.<\/span><\/p>\n<p><strong><span style=\"font-size: 14px;\">5. POL\u00cdTICA DE DEVOLUCI\u00d3N PARA PERSONAS JUR\u00cdDICAS<\/span><\/strong><\/p>\n<p><span style=\"font-size: 14px;\">GABRIENTUM offers its customers the possibility of returning products in accordance with its internal policy and current legislation.<\/span><\/p>\n<p><span style=\"font-size: 14px;\">GABRIENTUM reserves the right to refuse a return if all requirements are not met.<\/span><\/p>\n\r\n\t\t<\/div>\r\n\t<\/div>\r\n<\/div><\/div><div class=\"vc_column_container col-md-2\"><div class=\"wpb_wrapper vc_column-inner\"><\/div><\/div><\/div>\n<\/div>","protected":false},"excerpt":{"rendered":"1. DERECHO DE DESISTIMIENTO DE LOS CONSUMIDORES (Particulares) Seg\u00fan la legislaci\u00f3n vigente, el consumidor dispone de un plazo de 14 d\u00edas naturales para devolver el producto adquirido, sin necesidad de justificar su decisi\u00f3n de desistimiento. El plazo de desistimiento se computa a partir de la fecha de entrega o recogida del producto, siendo los gastos [...]","protected":false},"author":2,"featured_media":0,"parent":0,"menu_order":0,"comment_status":"closed","ping_status":"closed","template":"","meta":{"iawp_total_views":1,"footnotes":""},"class_list":["post-13","page","type-page","status-publish","hentry"],"aioseo_notices":[],"_links":{"self":[{"href":"https:\/\/gabrientum.es\/en\/wp-json\/wp\/v2\/pages\/13","targetHints":{"allow":["GET"]}}],"collection":[{"href":"https:\/\/gabrientum.es\/en\/wp-json\/wp\/v2\/pages"}],"about":[{"href":"https:\/\/gabrientum.es\/en\/wp-json\/wp\/v2\/types\/page"}],"author":[{"embeddable":true,"href":"https:\/\/gabrientum.es\/en\/wp-json\/wp\/v2\/users\/2"}],"replies":[{"embeddable":true,"href":"https:\/\/gabrientum.es\/en\/wp-json\/wp\/v2\/comments?post=13"}],"version-history":[{"count":4,"href":"https:\/\/gabrientum.es\/en\/wp-json\/wp\/v2\/pages\/13\/revisions"}],"predecessor-version":[{"id":11245,"href":"https:\/\/gabrientum.es\/en\/wp-json\/wp\/v2\/pages\/13\/revisions\/11245"}],"wp:attachment":[{"href":"https:\/\/gabrientum.es\/en\/wp-json\/wp\/v2\/media?parent=13"}],"curies":[{"name":"wp","href":"https:\/\/api.w.org\/{rel}","templated":true}]}}