{"id":211,"date":"2025-11-14T21:57:46","date_gmt":"2025-11-14T20:57:46","guid":{"rendered":"https:\/\/gabrientum.es\/politica-cookie-uri-ue"},"modified":"2026-04-21T10:51:43","modified_gmt":"2026-04-21T09:51:43","slug":"politica-de-cookies","status":"publish","type":"page","link":"https:\/\/gabrientum.es\/en\/politica-de-cookies\/","title":{"rendered":"Cookie Policy"},"content":{"rendered":"<div class=\"wpb-content-wrapper\"><div class=\"vc_row wpb_row row top-row wpb_custom_034b39d9bc6c6b310d69e39f0ccf274f\"><div class=\"vc_column_container col-md-2\"><div class=\"wpb_wrapper vc_column-inner\"><\/div><\/div><div class=\"vc_column_container col-md-8\"><div class=\"wpb_wrapper vc_column-inner\">\r\n\t<div class=\"wpb_text_column wpb_content_element wpb_custom_7c91d232724f73626cc933bd95b25ff0\" >\r\n\t\t<div class=\"wpb_wrapper\">\r\n\t\t\t<p><span style=\"font-size: 14px;\">This Cookie Policy was last updated on 01.01.2026 and applies to citizens and permanent residents of the European Economic Area and Switzerland.<\/span><\/p>\n<p><span style=\"font-size: 14px;\"><\/span><\/p>\n<ol class=\"wp-block-list\">\n<li style=\"list-style-type: none;\">\n<ol class=\"wp-block-list\">\n<li><span style=\"font-size: 14px;\"><strong>Introduccion<\/strong><\/span><br \/><span style=\"font-size: 14px;\">Our website, https:\/\/gabrientum.es (hereinafter, the \u201cSite\u201d), uses cookies and other similar technologies (for convenience, all technologies are referred to as \u201ccookies\u201d). Cookies are also installed by third parties with whom we collaborate. In the following document, we inform you about how we use cookies on our website.<\/span><\/li>\n<li><span style=\"font-size: 14px;\"><strong>What are cookies?<\/strong><\/span><br \/><span style=\"font-size: 14px;\">A cookie is a small, simple file that is sent along with pages of this website and stored by your browser on the hard drive of your computer or other device. The information stored in it may be sent back to our servers or to the servers of relevant third parties during a subsequent visit.<\/span><\/li>\n<li><span style=\"font-size: 14px;\"><strong>What are scripts?<\/strong><\/span><br \/><span style=\"font-size: 14px;\">A script is a piece of code (program) used to make our website function correctly and interactively. This code runs on our server or on your device.<\/span><\/li>\n<li><span style=\"font-size: 14px;\"><strong>What is a web beacon?<\/strong><\/span><br \/><span style=\"font-size: 14px;\">A \"web beacon\" (or \"pixel tag\") is a small, invisible piece of text or image placed on a website to monitor traffic. To monitor traffic, web beacons can store various data about you.<\/span><\/li>\n<li><span style=\"font-size: 14px;\"><strong>Cookies<\/strong><\/span><br \/><span style=\"font-size: 14px;\">5.1 Cookies t\u00e9cnicas o funcionales<\/span><br \/><span style=\"font-size: 14px;\">Some cookies ensure the proper functioning of certain parts of the website and remember your user preferences. Installing functional cookies makes it easier for you to visit our website. This way, you don't have to repeatedly enter the same information when visiting our website, and, for example, items remain in your shopping cart until you complete your purchase. We can install these cookies without your consent.<\/span><br \/><span style=\"font-size: 14px;\">5.2 Marketing\/tracking cookies<\/span><br \/><span style=\"font-size: 14px;\">Marketing\/tracking cookies are cookies (or any other form of local storage) that are used to create user profiles, display advertising, or track the user across this website or multiple websites for similar marketing purposes.<\/span><br \/><span style=\"font-size: 14px;\">5.3 Social networks<\/span><br \/><span style=\"font-size: 14px;\">On our website, we have included content from Instagram, Facebook, WhatsApp, and TikTok to promote web pages (e.g., \"likes,\" \"pins\") or to share them (e.g., \"tweets\") on social media platforms such as Instagram, Facebook, WhatsApp, and TikTok. This content is embedded with code derived from Instagram, Facebook, WhatsApp, and TikTok and places cookies. This content may store and process certain information for personalized advertising.<\/span><br \/><span style=\"font-size: 14px;\">Lea la pol\u00edtica de privacidad de estas redes sociales (que puede cambiar peri\u00f3dicamente) para saber qu\u00e9 hacen con sus datos (personales) que procesan mediante estas cookies. Los datos obtenidos se anonimizan al m\u00e1ximo. Instagram, Facebook, WhatsApp y TikTok se encuentran en Estados Unidos.<\/span><\/li>\n<li><span style=\"font-size: 14px;\"><strong>Consent<\/strong><\/span><br \/><span style=\"font-size: 14px;\">When you visit our website for the first time, we will show you a pop-up window explaining cookies. By clicking \"Save preferences,\" you agree to our use of the cookie categories and modules selected in the pop-up window, as described in this Cookie Policy. You can block the use of cookies in your browser, but please note that in that case, our website may not function correctly.<\/span><br \/><span style=\"font-size: 14px;\">7.1 Manage consent settings<\/span><br \/><span style=\"font-size: 14px;\">The Cookie Policy has loaded without JavaScript support. In AMP, you can use the consent management button at the bottom of the page.<\/span><\/li>\n<li><span style=\"font-size: 14px;\"><strong>Activating\/deactivating and deleting cookies<\/strong><\/span><br \/><span style=\"font-size: 14px;\">You can use your internet browser to delete cookies automatically or manually. You can also specify that certain cookies cannot be installed. Another option is to change your browser settings to receive a message each time a cookie is installed. For more information about these options, consult the instructions in your browser's Help section.<\/span><br \/><span style=\"font-size: 14px;\">Please note that our website may not function correctly if all cookies are disabled. If you delete cookies from your browser, they will be reinstalled after you give your consent when you revisit our website.<\/span><\/li>\n<li><span style=\"font-size: 14px;\"><strong>Your rights regarding personal data<\/strong><\/span><br \/><span style=\"font-size: 14px;\">Your rights regarding personal data<\/span><br \/><span style=\"font-size: 14px;\">You have the right to know why we need your personal data, what we will do with it and how long we will keep it.<\/span><br \/><span style=\"font-size: 14px;\">Right of access: You have the right to access the personal data we have collected about you.<\/span><br \/><span style=\"font-size: 14px;\">Right of rectification: You have the right to complete, correct, delete or block your personal data at any time.<\/span><br \/><span style=\"font-size: 14px;\">If you give us your consent to process your data, you have the right to withdraw it and request the deletion of all your personal data.<\/span><br \/><span style=\"font-size: 14px;\">Right to data portability: You have the right to request all your personal data from the data controller and to transfer it in full to another controller.<\/span><br \/><span style=\"font-size: 14px;\">Right to object: You may object to the processing of your data. We respect this, unless there are justifiable reasons for the processing.<\/span><br \/><span style=\"font-size: 14px;\">To exercise these rights, please contact us. Use the contact details at the end of this Cookie Policy. If you have any complaints about how we handle your data, we would appreciate it if you would let us know, but you also have the right to lodge a complaint with the supervisory authority (National Authority for the Supervision of Personal Data Processing).<\/span><\/li>\n<li><span style=\"font-size: 14px;\"><strong>Cantact<\/strong><\/span><br \/><span style=\"font-size: 14px;\">If you have any questions or comments about our Cookie Policy and this statement, please contact us using the following contact information:<\/span><br \/><span style=\"font-size: 14px;\">GABRIENTUM Madrid, Espa\u00f1a &lt;&gt; Sitio web: https:\/\/gabrientum.es &lt;&gt; Correo electr\u00f3nico: info@gabrientum.es &lt;&gt; Whatsapp: +34 685 270 189<\/span><\/li>\n<\/ol>\n<\/li>\n<\/ol>\n<p><span style=\"font-size: 14px;\"><\/span><\/p>\n<p><span style=\"font-size: 14px;\"><\/span><\/p>\n<p>&nbsp;<\/p>\n\r\n\t\t<\/div>\r\n\t<\/div>\r\n<\/div><\/div><div class=\"vc_column_container col-md-2\"><div class=\"wpb_wrapper vc_column-inner\"><\/div><\/div><\/div><\/div>","protected":false},"excerpt":{"rendered":"Esta Pol\u00edtica de cookies se actualiz\u00f3 por \u00faltima vez el 01.01.2026 y se aplica a los ciudadanos y residentes permanentes del Espacio Econ\u00f3mico Europeo y Suiza. Introducci\u00f3nNuestro sitio web, https:\/\/gabrientum.es (en adelante, el \u201csitio\u201d), utiliza cookies y otras tecnolog\u00edas similares (para mayor comodidad, todas las tecnolog\u00edas se denominan \u201ccookies\u201d). Las cookies tambi\u00e9n son instaladas por [...]","protected":false},"author":2,"featured_media":0,"parent":0,"menu_order":0,"comment_status":"closed","ping_status":"closed","template":"","meta":{"iawp_total_views":0,"footnotes":""},"class_list":["post-211","page","type-page","status-publish","hentry"],"aioseo_notices":[],"_links":{"self":[{"href":"https:\/\/gabrientum.es\/en\/wp-json\/wp\/v2\/pages\/211","targetHints":{"allow":["GET"]}}],"collection":[{"href":"https:\/\/gabrientum.es\/en\/wp-json\/wp\/v2\/pages"}],"about":[{"href":"https:\/\/gabrientum.es\/en\/wp-json\/wp\/v2\/types\/page"}],"author":[{"embeddable":true,"href":"https:\/\/gabrientum.es\/en\/wp-json\/wp\/v2\/users\/2"}],"replies":[{"embeddable":true,"href":"https:\/\/gabrientum.es\/en\/wp-json\/wp\/v2\/comments?post=211"}],"version-history":[{"count":1,"href":"https:\/\/gabrientum.es\/en\/wp-json\/wp\/v2\/pages\/211\/revisions"}],"predecessor-version":[{"id":10793,"href":"https:\/\/gabrientum.es\/en\/wp-json\/wp\/v2\/pages\/211\/revisions\/10793"}],"wp:attachment":[{"href":"https:\/\/gabrientum.es\/en\/wp-json\/wp\/v2\/media?parent=211"}],"curies":[{"name":"wp","href":"https:\/\/api.w.org\/{rel}","templated":true}]}}