{"id":7804,"date":"2025-12-17T12:44:56","date_gmt":"2025-12-17T11:44:56","guid":{"rendered":"https:\/\/gabrientum.es\/?page_id=7804"},"modified":"2026-04-21T10:50:13","modified_gmt":"2026-04-21T09:50:13","slug":"pedido-y-entrega","status":"publish","type":"page","link":"https:\/\/gabrientum.es\/en\/pedido-y-entrega\/","title":{"rendered":"Ordering and delivery"},"content":{"rendered":"<div class=\"wpb-content-wrapper\"><div class=\"vc_row wpb_row row top-row wpb_custom_034b39d9bc6c6b310d69e39f0ccf274f\"><div class=\"vc_column_container col-md-2\"><div class=\"wpb_wrapper vc_column-inner\"><\/div><\/div><div class=\"vc_column_container col-md-8\"><div class=\"wpb_wrapper vc_column-inner\">\r\n\t<div class=\"wpb_text_column wpb_content_element wpb_custom_7c91d232724f73626cc933bd95b25ff0\" >\r\n\t\t<div class=\"wpb_wrapper\">\r\n\t\t\t<p><span style=\"font-size: 14px;\"><strong>1. Place an order<\/strong><\/span><\/p>\n<p><span style=\"font-size: 14px;\">The buyer can place an order in the following ways:<\/span><br \/>\n<span style=\"font-size: 14px;\">1.1 From the product page, through the \"Add to cart\" option<\/span><br \/>\n<span style=\"font-size: 14px;\">1.2 Through the contact form on the \"Contact\" page<\/span><br \/>\n<span style=\"font-size: 14px;\">1.3 Via WhatsApp to the indicated number<\/span><br \/>\n<span style=\"font-size: 14px;\">1.4 By email to info@gabrientum.es<\/span><\/p>\n<p><span style=\"font-size: 14px;\">To complete the ordering process, the customer assumes that all contact details provided are complete and correct.<\/span><\/p>\n<p><span style=\"font-size: 14px;\">To complete the request, the seller will send the buyer, for confirmation, the personalized sales offer or the payment proforma through the means and communication channels provided.<\/span><\/p>\n<p><span style=\"font-size: 14px;\"><strong>2. Payment method<\/strong><\/span><\/p>\n<p><span style=\"font-size: 14px;\">Payment for orders is made as follows:<\/span><br \/>\n<span style=\"font-size: 14px;\">2.1 For products available in stock or from an external supplier: full payment in advance by bank card or bank transfer, according to the proforma issued by the seller and sent to the buyer through the communication channels provided.<\/span><br \/>\n<span style=\"font-size: 14px;\">2.2 For products not available in our stock or from an external supplier that require production on request: a minimum of 50% in advance by bank transfer upon confirmation of the order + the difference once production is completed and before delivery, according to the proforma issued by the seller and transmitted to the buyer through the communication channels provided.<\/span><\/p>\n<p><span style=\"font-size: 14px;\">Orders are considered firm and confirmed only after full or partial receipt of the value of the proforma issued, as applicable.<\/span><\/p>\n<p><span style=\"font-size: 14px;\">The seller's prior issuance of a personalized sales offer or pro forma for payment does not constitute a confirmation of acceptance or reservation of the order and does not obligate the seller in any way until the buyer confirms payment.<\/span><\/p>\n<p><span style=\"font-size: 14px;\"><strong>3. Delivery conditions<\/strong><\/span><\/p>\n<p><span style=\"font-size: 14px;\">For products available in our stock, the usual delivery time is 3 to 5 working days from order confirmation.<\/span><\/p>\n<p><span style=\"font-size: 14px;\">For products not available in our stock, but available from the external supplier, the usual delivery time is 8 to 10 working days from order confirmation.<\/span><\/p>\n<p><span style=\"font-size: 14px;\">For products not available in our stock or that of an external supplier, and which require a waiting period or production on request, the delivery time will be analyzed and communicated promptly before the order confirmation.<\/span><\/p>\n<p><span style=\"font-size: 14px;\">Deliveries are made through transport companies or postal\/courier services throughout Spain.<\/span><\/p>\n<p><span style=\"font-size: 14px;\"><strong>4. Packaging and shipping costs<\/strong><\/span><\/p>\n<p><span style=\"font-size: 14px;\">Orders are delivered in cardboard, PVC, or wooden packaging, depending on the packaging options offered by the manufacturers. In exceptional cases, for low-value orders or those requiring additional packaging, additional fees of up to \u20ac10 per package may apply.<\/span><\/p>\n<p><span style=\"font-size: 14px;\">Orders over 1000 euros qualify for free shipping.<\/span><\/p>\n<p><span style=\"font-size: 14px;\">Orders under 1000 euros are subject to shipping costs.<\/span><\/p>\n<p><span style=\"font-size: 14px;\">Applicable packaging and shipping costs are detailed and transparent in the customized sales offer or proforma invoice issued for payment.<\/span><\/p>\n\r\n\t\t<\/div>\r\n\t<\/div>\r\n<\/div><\/div><div class=\"vc_column_container col-md-2\"><div class=\"wpb_wrapper vc_column-inner\"><\/div><\/div><\/div>\n<\/div>","protected":false},"excerpt":{"rendered":"1. Realizar un pedido El comprador puede realizar un pedido de las siguientes maneras: 1.1 Desde la p\u00e1gina del producto, a trav\u00e9s de la opci\u00f3n \"A\u00f1adir al carrito\" 1.2 A trav\u00e9s del formulario de contacto de la p\u00e1gina \"Contacto\" 1.3 Por Whatsapp al n\u00famero indicado 1.4 Por correo electr\u00f3nico a info@gabrientum.es Para completar el proceso [...]","protected":false},"author":2,"featured_media":0,"parent":0,"menu_order":0,"comment_status":"closed","ping_status":"closed","template":"","meta":{"iawp_total_views":0,"footnotes":""},"class_list":["post-7804","page","type-page","status-publish","hentry"],"aioseo_notices":[],"_links":{"self":[{"href":"https:\/\/gabrientum.es\/en\/wp-json\/wp\/v2\/pages\/7804","targetHints":{"allow":["GET"]}}],"collection":[{"href":"https:\/\/gabrientum.es\/en\/wp-json\/wp\/v2\/pages"}],"about":[{"href":"https:\/\/gabrientum.es\/en\/wp-json\/wp\/v2\/types\/page"}],"author":[{"embeddable":true,"href":"https:\/\/gabrientum.es\/en\/wp-json\/wp\/v2\/users\/2"}],"replies":[{"embeddable":true,"href":"https:\/\/gabrientum.es\/en\/wp-json\/wp\/v2\/comments?post=7804"}],"version-history":[{"count":2,"href":"https:\/\/gabrientum.es\/en\/wp-json\/wp\/v2\/pages\/7804\/revisions"}],"predecessor-version":[{"id":10792,"href":"https:\/\/gabrientum.es\/en\/wp-json\/wp\/v2\/pages\/7804\/revisions\/10792"}],"wp:attachment":[{"href":"https:\/\/gabrientum.es\/en\/wp-json\/wp\/v2\/media?parent=7804"}],"curies":[{"name":"wp","href":"https:\/\/api.w.org\/{rel}","templated":true}]}}