{"id":7929,"date":"2025-12-23T13:53:54","date_gmt":"2025-12-23T12:53:54","guid":{"rendered":"https:\/\/gabrientum.es\/?page_id=7929"},"modified":"2026-04-21T10:53:17","modified_gmt":"2026-04-21T09:53:17","slug":"politica-de-privacidad","status":"publish","type":"page","link":"https:\/\/gabrientum.es\/en\/politica-de-privacidad\/","title":{"rendered":"Privacy Policy"},"content":{"rendered":"<div class=\"wpb-content-wrapper\"><div class=\"vc_row wpb_row row top-row wpb_custom_034b39d9bc6c6b310d69e39f0ccf274f\"><div class=\"vc_column_container col-md-2\"><div class=\"wpb_wrapper vc_column-inner\"><\/div><\/div><div class=\"vc_column_container col-md-8\"><div class=\"wpb_wrapper vc_column-inner\">\r\n\t<div class=\"wpb_text_column wpb_content_element wpb_custom_7c91d232724f73626cc933bd95b25ff0\" >\r\n\t\t<div class=\"wpb_wrapper\">\r\n\t\t\t<p><span style=\"font-size: 14px;\">GABRIENTUM S.L.U. is particularly committed to protecting the personal data of users of its website services. Through this Privacy Policy (hereinafter, the Policy), GABRIENTUM S.L.U. informs users of the website https:\/\/gabrientum.es about the uses of the personal data collected on the website, so that they can freely and voluntarily decide whether to provide the requested information.<\/span><\/p>\n<p><span style=\"font-size: 14px;\"><\/span><\/p>\n<p><span style=\"font-size: 14px;\">GABRIENTUM S.L.U. reserves the right to modify this Policy to adapt it to new legislation, case law, industry practices, or the company's interests. Any changes will be announced in advance so that you are fully aware of their content.<\/span><\/p>\n<p><span style=\"font-size: 14px;\"><\/span><\/p>\n<p id=\"i4t-id-0\"><span style=\"font-size: 14px;\"><strong>1. RESPONSIBLE<\/strong><\/span><\/p>\n<p><span style=\"font-size: 14px;\"><\/span><\/p>\n<p><span style=\"font-size: 14px;\">The Data Controller for personal data is:<\/span><\/p>\n<p><span style=\"font-size: 14px;\"><\/span><\/p>\n<p id=\"i4t-id-1\"><span style=\"font-size: 14px;\"><strong>GABRIENTUM S.L<\/strong>.<strong>U.<\/strong>, with registered office for these purposes at Carrera de San Jer\u00f3nimo, 17, 2nd floor, Madrid 28014, Spain<\/span><\/p>\n<p><span style=\"font-size: 14px;\"><\/span><\/p>\n<p><span style=\"font-size: 14px;\">Web:\u00a0<a title=\"\" href=\"https:\/\/gabrientum.es\/en\/\">www.gabrientum.es<\/a><\/span><br \/><span style=\"font-size: 14px;\">E-mail:\u00a0<a href=\"mailto:info@emac.es\">info@gabrientum.es<\/a><\/span><\/p>\n<p><span style=\"font-size: 14px;\"><\/span><\/p>\n<p id=\"i4t-id-4\"><span style=\"font-size: 14px;\"><strong>2. WEB CONTACT FORM<\/strong><\/span><\/p>\n<p><span style=\"font-size: 14px;\"><\/span><\/p>\n<p><span style=\"font-size: 14px;\">Your data will be processed by GABRIENTUM S.L.U., as the data controller, in order to manage and respond to requests for information, questions, complaints, to understand the opinion of users regarding the services offered on this website, as well as to send information of interest about new promotions, products, services or activities of our company.<\/span><\/p>\n<p><span style=\"font-size: 14px;\"><\/span><\/p>\n<p><span style=\"font-size: 14px;\">The legal basis that legitimizes the processing of your personal data is the consent given by the user by completing and sending the corresponding form, for the purposes expressed above.<\/span><\/p>\n<p><span style=\"font-size: 14px;\"><\/span><\/p>\n<p><span style=\"font-size: 14px;\">Your personal data will not be transferred to third parties, except in the cases provided for in current legislation.<\/span><\/p>\n<p><span style=\"font-size: 14px;\"><\/span><\/p>\n<p><span style=\"font-size: 14px;\">Personal data will be kept for as long as necessary to address the purpose of the communication and, where applicable, for as long as you have not objected to receiving commercial communications.<\/span><\/p>\n<p><span style=\"font-size: 14px;\"><\/span><\/p>\n<p><span style=\"font-size: 14px;\">We also inform you that, at any time, the data subject may exercise their rights under the General Data Protection Regulation (EU) 2016\/679, which are:<\/span><\/p>\n<p><span style=\"font-size: 14px;\"><\/span><\/p>\n<p><span style=\"font-size: 14px;\">\u2013 Right to request access to personal data relating to the interested party,<\/span><\/p>\n<p><span style=\"font-size: 14px;\"><\/span><\/p>\n<p><span style=\"font-size: 14px;\">\u2013 Right to request its rectification or deletion,<\/span><\/p>\n<p><span style=\"font-size: 14px;\"><\/span><\/p>\n<p><span style=\"font-size: 14px;\">\u2013 Right to request the limitation of your treatment,<\/span><\/p>\n<p><span style=\"font-size: 14px;\"><\/span><\/p>\n<p><span style=\"font-size: 14px;\">\u2013 Right to object to the treatment,<\/span><\/p>\n<p><span style=\"font-size: 14px;\"><\/span><\/p>\n<p><span style=\"font-size: 14px;\">\u2013 Right to data portability<\/span><\/p>\n<p><span style=\"font-size: 14px;\"><\/span><\/p>\n<p><span style=\"font-size: 14px;\">These rights may be exercised by sending a written communication, duly signed, accompanied by a photocopy of the ID card, to GABRIENTUM S.L.U. at the email address\u00a0<a title=\"\" href=\"mailto:info@gabrientum.es\">info@gabrientum.es<\/a>If you believe your right to the protection of personal data has been violated, you may file a complaint with the Spanish Data Protection Agency (<a href=\"https:\/\/www.agpd.es\/\">www.agpd.es<\/a>)<\/span><\/p>\n<p><span style=\"font-size: 14px;\"><\/span><\/p>\n<p id=\"i4t-id-5\"><span style=\"font-size: 14px;\"><strong>3. NEWSLETTER FORM<\/strong><\/span><\/p>\n<p><span style=\"font-size: 14px;\"><\/span><\/p>\n<p><span style=\"font-size: 14px;\">You are hereby informed that your personal data will be processed by GABRIENTUM S.L.U., as data controller, for the purpose of sending you information of interest regarding new promotions, services or activities of our company.<\/span><\/p>\n<p><span style=\"font-size: 14px;\"><\/span><\/p>\n<p><span style=\"font-size: 14px;\">The legal basis that legitimizes us to process personal data, for the stated purpose, is the consent expressed through the completion of the online form and its submission.<\/span><\/p>\n<p><span style=\"font-size: 14px;\"><\/span><\/p>\n<p><span style=\"font-size: 14px;\">The data will not be transferred or communicated to third parties, except in the cases necessary for the development, control and fulfillment of the purposes expressed, in addition to the cases provided for by Law, as well as in the specific cases, of which the User is expressly informed.<\/span><\/p>\n<p><span style=\"font-size: 14px;\"><\/span><\/p>\n<p><span style=\"font-size: 14px;\">Personal data will be kept until you revoke the consent you have given.<\/span><\/p>\n<p><span style=\"font-size: 14px;\"><\/span><\/p>\n<p><span style=\"font-size: 14px;\">We also inform you that, at any time, the data subject may exercise their rights under the General Data Protection Regulation (EU) 2016\/679, which are:<\/span><\/p>\n<p><span style=\"font-size: 14px;\"><\/span><\/p>\n<p><span style=\"font-size: 14px;\">\u2013 Right to request access to personal data relating to the interested party,<\/span><\/p>\n<p><span style=\"font-size: 14px;\"><\/span><\/p>\n<p><span style=\"font-size: 14px;\">\u2013 Right to request its rectification or deletion,<\/span><\/p>\n<p><span style=\"font-size: 14px;\"><\/span><\/p>\n<p><span style=\"font-size: 14px;\">\u2013 Right to request the limitation of your treatment,<\/span><\/p>\n<p><span style=\"font-size: 14px;\"><\/span><\/p>\n<p><span style=\"font-size: 14px;\">\u2013 Right to object to the treatment,<\/span><\/p>\n<p><span style=\"font-size: 14px;\"><\/span><\/p>\n<p><span style=\"font-size: 14px;\">\u2013 Right to data portability<\/span><\/p>\n<p><span style=\"font-size: 14px;\"><\/span><\/p>\n<p><span style=\"font-size: 14px;\">These rights may be exercised by sending a written communication, duly signed, accompanied by a photocopy of the ID card, to GABRIENTUM S.L.U. at the email address\u00a0<a title=\"\" href=\"mailto:info@gabrientum.es\">info@gabrientum.es<\/a>If you believe your right to the protection of personal data has been violated, you may file a complaint with the Spanish Data Protection Agency (<a href=\"https:\/\/www.agpd.es\/\">www.agpd.es<\/a>).<\/span><\/p>\n<p><span style=\"font-size: 14px;\"><\/span><\/p>\n<p id=\"i4t-id-6\"><span style=\"font-size: 14px;\"><strong>4. ONLINE STORE REGISTRATION FORM<\/strong><\/span><\/p>\n<p><span style=\"font-size: 14px;\"><\/span><\/p>\n<p><span style=\"font-size: 14px;\">Your personal data collected through the registration form as a user\/customer of the website are processed by GABRIENTUM S.L.U., as the data controller, in order to carry out customer management at an administrative, accounting, tax and documentary level, to conduct market research to measure the quality of our products and services, through satisfaction surveys, as well as to send information of interest about new promotions, services or activities of our company.<\/span><\/p>\n<p><span style=\"font-size: 14px;\"><\/span><\/p>\n<p><span style=\"font-size: 14px;\">The legal basis for processing your personal data for customer management purposes is the consent you provide by completing and submitting the corresponding form. However, the legal basis for sending marketing communications is the performance of the contract to which you are a party.<\/span><\/p>\n<p><span style=\"font-size: 14px;\"><\/span><\/p>\n<p><span style=\"font-size: 14px;\">The data may be transferred or communicated, where appropriate, to banking entities for the purpose of making collections or payments, as well as at the request of the Tax Agency, Courts or Tribunals.<\/span><\/p>\n<p><span style=\"font-size: 14px;\"><\/span><\/p>\n<p><span style=\"font-size: 14px;\">The retention period for data, in the capacity of Client, will be in accordance with the obligation to have the accounting and tax information of the company, upon request of the competent public entity (Tax Agency, Courts or Tribunals).<\/span><\/p>\n<p><span style=\"font-size: 14px;\"><\/span><\/p>\n<p><span style=\"font-size: 14px;\">We also inform you that, at any time, the data subject may exercise their rights under the General Data Protection Regulation (EU) 2016\/679, which are:<\/span><\/p>\n<p><span style=\"font-size: 14px;\"><\/span><\/p>\n<p><span style=\"font-size: 14px;\">\u2013 Right to request access to personal data relating to the interested party,<\/span><\/p>\n<p><span style=\"font-size: 14px;\"><\/span><\/p>\n<p><span style=\"font-size: 14px;\">\u2013 Right to request its rectification or deletion,<\/span><\/p>\n<p><span style=\"font-size: 14px;\"><\/span><\/p>\n<p><span style=\"font-size: 14px;\">\u2013 Right to request the limitation of your treatment,<\/span><\/p>\n<p><span style=\"font-size: 14px;\"><\/span><\/p>\n<p><span style=\"font-size: 14px;\">\u2013 Right to object to the treatment,<\/span><\/p>\n<p><span style=\"font-size: 14px;\"><\/span><\/p>\n<p><span style=\"font-size: 14px;\">\u2013 Right to data portability<\/span><\/p>\n<p><span style=\"font-size: 14px;\"><\/span><\/p>\n<p><span style=\"font-size: 14px;\">These rights may be exercised by sending a written communication, duly signed, accompanied by a photocopy of the ID card, to GABRIENTUM S.L.U. at the email address\u00a0<a title=\"\" href=\"mailto:info@gabrientum.es\">info@gabrientum.es<\/a>If you believe your right to the protection of personal data has been violated, you may file a complaint with the Spanish Data Protection Agency (<a href=\"https:\/\/www.agpd.es\/\">www.agpd.es<\/a>)<\/span><\/p>\n<p><span style=\"font-size: 14px;\"><\/span><\/p>\n<p id=\"i4t-id-7\"><span style=\"font-size: 14px;\"><strong>5. WORK WITH US FORM<\/strong><\/span><\/p>\n<p><span style=\"font-size: 14px;\"><\/span><\/p>\n<p><span style=\"font-size: 14px;\">You are hereby informed that your personal data collected through the form provided on the website will be processed by GABRIENTUM S.L.U., as the data controller, in order to manage job applications and, where applicable, the selection process in which you may be included, for the provision of a job in the entity.<\/span><\/p>\n<p><span style=\"font-size: 14px;\"><\/span><\/p>\n<p><span style=\"font-size: 14px;\">The data is processed based on the consent given by sending the CV to the form provided on the website, either personally or through a third party.<\/span><\/p>\n<p><span style=\"font-size: 14px;\"><\/span><\/p>\n<p><span style=\"font-size: 14px;\">Unless you request cancellation or objection, your resume may be retained for future job applications within the company, in your area of \u200b\u200bacademic and\/or professional training. In any case, GABRIENTUM S.L.U. assumes no responsibility for the accuracy or outdatedness of the information provided. Furthermore, it reserves the right to delete or destroy any information held in its files at any time and without prior notice. To this end, it will take appropriate measures to prevent the restoration or recovery of data by third parties.<\/span><\/p>\n<p><span style=\"font-size: 14px;\"><\/span><\/p>\n<p><span style=\"font-size: 14px;\">We also inform you that, at any time, the data subject may exercise their rights under the General Data Protection Regulation (EU) 2016\/679, which are:<\/span><\/p>\n<p><span style=\"font-size: 14px;\"><\/span><\/p>\n<p><span style=\"font-size: 14px;\">\u2013 Right to request access to personal data relating to the interested party,<\/span><\/p>\n<p><span style=\"font-size: 14px;\"><\/span><\/p>\n<p><span style=\"font-size: 14px;\">\u2013 Right to request its rectification or deletion,<\/span><\/p>\n<p><span style=\"font-size: 14px;\"><\/span><\/p>\n<p><span style=\"font-size: 14px;\">\u2013 Right to request the limitation of your treatment,<\/span><\/p>\n<p><span style=\"font-size: 14px;\"><\/span><\/p>\n<p><span style=\"font-size: 14px;\">\u2013 Right to object to the treatment,<\/span><\/p>\n<p><span style=\"font-size: 14px;\"><\/span><\/p>\n<p><span style=\"font-size: 14px;\">\u2013 Right to data portability<\/span><\/p>\n<p><span style=\"font-size: 14px;\"><\/span><\/p>\n<p><span style=\"font-size: 14px;\">These rights may be exercised by sending a written communication, duly signed, accompanied by a photocopy of the ID card, to GABRIENTUM S.L.U. at the email address\u00a0<a title=\"\" href=\"mailto:info@gabrientum.es\">info@gabrientum.es<\/a>If you believe your right to the protection of personal data has been violated, you may file a complaint with the Spanish Data Protection Agency (<a href=\"http:\/\/www.agpd.es\/\">www.agpd.es<\/a>)<\/span><\/p>\n<p><span style=\"font-size: 14px;\"><\/span><\/p>\n<p id=\"i4t-id-8\"><span style=\"font-size: 14px;\"><strong>6. SECURITY MEASURES<\/strong><\/span><\/p>\n<p><span style=\"font-size: 14px;\"><\/span><\/p>\n<p><span style=\"font-size: 14px;\">The data controller (GABRIENTUM S.L.U.) will apply appropriate technical and organizational measures to ensure a level of security appropriate to the risk.<\/span><\/p>\n<p><span style=\"font-size: 14px;\"><\/span><\/p>\n<p>&nbsp;<\/p>\n\r\n\t\t<\/div>\r\n\t<\/div>\r\n<\/div><\/div><div class=\"vc_column_container col-md-2\"><div class=\"wpb_wrapper vc_column-inner\"><\/div><\/div><\/div><\/div>","protected":false},"excerpt":{"rendered":"GABRIENTUM S.L.U., est\u00e1 especialmente sensibilizada en la protecci\u00f3n de datos de car\u00e1cter personal de los Usuarios de los servicios del sitio Web. Mediante la presente Pol\u00edtica de Privacidad (en adelante, la Pol\u00edtica) \u00a0GABRIENTUM S.L.U., informa a los USUARIOS de los sitios web: https:\/\/gabrientum.es, de los usos a los que se someten los datos de car\u00e1cter [...]","protected":false},"author":2,"featured_media":0,"parent":0,"menu_order":0,"comment_status":"closed","ping_status":"closed","template":"","meta":{"iawp_total_views":2,"footnotes":""},"class_list":["post-7929","page","type-page","status-publish","hentry"],"aioseo_notices":[],"_links":{"self":[{"href":"https:\/\/gabrientum.es\/en\/wp-json\/wp\/v2\/pages\/7929","targetHints":{"allow":["GET"]}}],"collection":[{"href":"https:\/\/gabrientum.es\/en\/wp-json\/wp\/v2\/pages"}],"about":[{"href":"https:\/\/gabrientum.es\/en\/wp-json\/wp\/v2\/types\/page"}],"author":[{"embeddable":true,"href":"https:\/\/gabrientum.es\/en\/wp-json\/wp\/v2\/users\/2"}],"replies":[{"embeddable":true,"href":"https:\/\/gabrientum.es\/en\/wp-json\/wp\/v2\/comments?post=7929"}],"version-history":[{"count":2,"href":"https:\/\/gabrientum.es\/en\/wp-json\/wp\/v2\/pages\/7929\/revisions"}],"predecessor-version":[{"id":10795,"href":"https:\/\/gabrientum.es\/en\/wp-json\/wp\/v2\/pages\/7929\/revisions\/10795"}],"wp:attachment":[{"href":"https:\/\/gabrientum.es\/en\/wp-json\/wp\/v2\/media?parent=7929"}],"curies":[{"name":"wp","href":"https:\/\/api.w.org\/{rel}","templated":true}]}}