{"id":848,"date":"2018-02-28T07:46:00","date_gmt":"2018-02-28T07:46:00","guid":{"rendered":"http:\/\/sw-themes.com\/porto_dummy\/?page_id=848"},"modified":"2026-04-21T10:53:21","modified_gmt":"2026-04-21T09:53:21","slug":"sobre-nosotros","status":"publish","type":"page","link":"https:\/\/gabrientum.es\/en\/sobre-nosotros\/","title":{"rendered":"About us"},"content":{"rendered":"<div class=\"wpb-content-wrapper\"><div class=\"vc_row wpb_row top-row porto-inner-container wpb_custom_034b39d9bc6c6b310d69e39f0ccf274f\"><div class=\"porto-wrap-container container\"><div class=\"row\"><div class=\"vc_column_container col-md-2\"><div class=\"wpb_wrapper vc_column-inner\"><\/div><\/div><div class=\"vc_column_container col-md-8\"><div class=\"wpb_wrapper vc_column-inner\"><div class=\"porto-u-heading  wpb_custom_785f1b59862835eed400b91fbcfd8561 porto-u-ad87e2eaf3f9c495180fe0156ddf3eb0\"><div class=\"porto-u-main-heading\"><h2   style=\"color:#21293c;margin-bottom: 10px;\">GABRIENTUM<\/h2><\/div><style>.porto-u-ad87e2eaf3f9c495180fe0156ddf3eb0.porto-u-heading{text-align:left}<\/style><\/div>\r\n\t<div class=\"wpb_text_column wpb_content_element wpb_custom_7c91d232724f73626cc933bd95b25ff0\" >\r\n\t\t<div class=\"wpb_wrapper\">\r\n\t\t\t<p data-start=\"332\" data-end=\"620\"><span style=\"font-size: 14px;\">Somos una <strong data-start=\"342\" data-end=\"405\">tienda online especializada en z\u00f3calos y perfiles met\u00e1licos<\/strong> con <strong data-start=\"410\" data-end=\"457\">cobertura nacional en la Pen\u00ednsula Espa\u00f1ola<\/strong>. Ofrecemos soluciones profesionales de acabado en <strong data-start=\"508\" data-end=\"546\">aluminio, lat\u00f3n y acero inoxidable<\/strong>, pensadas para proyectos de construcci\u00f3n, reforma y dise\u00f1o de interiores.<\/span><\/p>\n<p data-start=\"622\" data-end=\"927\"><span style=\"font-size: 14px;\">Nuestro cat\u00e1logo incluye <strong data-start=\"647\" data-end=\"695\">rodapi\u00e9s y perfiles met\u00e1licos de alta calidad<\/strong> para suelos, paredes y revestimientos, ideales tanto para espacios residenciales como comerciales. Apostamos por materiales resistentes, acabados precisos y dise\u00f1os modernos que garantizan <strong data-start=\"885\" data-end=\"926\">durabilidad, funcionalidad y est\u00e9tica<\/strong>.<\/span><\/p>\n<p data-start=\"929\" data-end=\"1207\"><span style=\"font-size: 14px;\">Como <strong data-start=\"934\" data-end=\"959\">comercio 100 % online<\/strong>, facilitamos un proceso de compra r\u00e1pido y seguro, con informaci\u00f3n clara sobre cada producto y <strong data-start=\"1055\" data-end=\"1093\">env\u00edos a toda la Pen\u00ednsula Ib\u00e9rica<\/strong>. Trabajamos con proveedores de confianza para asegurar est\u00e1ndares elevados en cada perfil y z\u00f3calo que ofrecemos.<\/span><\/p>\n<p data-start=\"1209\" data-end=\"1536\"><span style=\"font-size: 14px;\">Nuestros productos est\u00e1n dirigidos a <strong data-start=\"1246\" data-end=\"1334\">arquitectos, interioristas, profesionales de la construcci\u00f3n y clientes particulares<\/strong>que buscan soluciones fiables y bien acabadas. Cada detalle cuenta, y por eso seleccionamos perfiles de aluminio, lat\u00f3n y acero inoxidable que se adaptan a las exigencias t\u00e9cnicas y est\u00e9ticas actuales.<\/span><\/p>\n<p data-start=\"1538\" data-end=\"1700\"><span style=\"font-size: 14px;\">Nuestro objetivo es ser una <strong data-start=\"1566\" data-end=\"1629\">referencia online en z\u00f3calos y perfiles met\u00e1licos en Espa\u00f1a<\/strong>, ofreciendo calidad, eficiencia y atenci\u00f3n profesional en cada pedido.<\/span><\/p>\n\r\n\t\t<\/div>\r\n\t<\/div>\r\n<\/div><\/div><div class=\"vc_column_container col-md-2\"><div class=\"wpb_wrapper vc_column-inner\"><\/div><\/div><\/div><\/div><\/div>\n<\/div>","protected":false},"excerpt":{"rendered":"GABRIENTUM Somos una tienda online especializada en z\u00f3calos y perfiles met\u00e1licos con cobertura nacional en la Pen\u00ednsula Espa\u00f1ola. Ofrecemos soluciones profesionales de acabado en aluminio, lat\u00f3n y acero inoxidable, pensadas para proyectos de construcci\u00f3n, reforma y dise\u00f1o de interiores. Nuestro cat\u00e1logo incluye rodapi\u00e9s y perfiles met\u00e1licos de alta calidad para suelos, paredes y revestimientos, ideales [...]","protected":false},"author":2,"featured_media":0,"parent":0,"menu_order":0,"comment_status":"closed","ping_status":"closed","template":"","meta":{"iawp_total_views":4,"footnotes":""},"class_list":["post-848","page","type-page","status-publish","hentry"],"aioseo_notices":[],"_links":{"self":[{"href":"https:\/\/gabrientum.es\/en\/wp-json\/wp\/v2\/pages\/848","targetHints":{"allow":["GET"]}}],"collection":[{"href":"https:\/\/gabrientum.es\/en\/wp-json\/wp\/v2\/pages"}],"about":[{"href":"https:\/\/gabrientum.es\/en\/wp-json\/wp\/v2\/types\/page"}],"author":[{"embeddable":true,"href":"https:\/\/gabrientum.es\/en\/wp-json\/wp\/v2\/users\/2"}],"replies":[{"embeddable":true,"href":"https:\/\/gabrientum.es\/en\/wp-json\/wp\/v2\/comments?post=848"}],"version-history":[{"count":1,"href":"https:\/\/gabrientum.es\/en\/wp-json\/wp\/v2\/pages\/848\/revisions"}],"predecessor-version":[{"id":10797,"href":"https:\/\/gabrientum.es\/en\/wp-json\/wp\/v2\/pages\/848\/revisions\/10797"}],"wp:attachment":[{"href":"https:\/\/gabrientum.es\/en\/wp-json\/wp\/v2\/media?parent=848"}],"curies":[{"name":"wp","href":"https:\/\/api.w.org\/{rel}","templated":true}]}}