{"id":10371,"date":"2026-01-27T08:27:57","date_gmt":"2026-01-27T07:27:57","guid":{"rendered":"https:\/\/gabrientum.es\/?post_type=product&#038;p=10371"},"modified":"2026-05-09T10:27:43","modified_gmt":"2026-05-09T09:27:43","slug":"rodapie-de-acero-inox-inoxboard","status":"publish","type":"product","link":"https:\/\/gabrientum.es\/en\/product\/rodapie-de-acero-inox-inoxboard\/","title":{"rendered":"Rodapi\u00e9 de acero inox INOXboard"},"content":{"rendered":"<p class=\"p1\"><span style=\"font-size: 14px;\">Rodapi\u00e9 de acero inox &#8211; f\u00e1cil instalaci\u00f3n.<\/span><\/p>\n<p class=\"p1\"><span style=\"font-size: 14px;\">Its lower lip allows the perimeter joint to be hidden, thus allowing the expansion of the pavement.<\/span><\/p>","protected":false},"excerpt":{"rendered":"<p><span style=\"font-size: 14px;\">Rodapi\u00e9 de acero inox INOXboard<\/span><\/p>\n<p><span style=\"font-size: 14px;\"><strong data-start=\"211\" data-end=\"221\">Color:<\/strong> acero inoxidable brillante, acero inoxidable cepillado<\/span><\/p>\n<p><span style=\"font-size: 14px;\"><strong data-start=\"284\" data-end=\"295\">Height:<\/strong> 60 mm, 80 mm\u00a0 \u00a0 \u00a0<strong data-start=\"306\" data-end=\"322\">Width:<\/strong> 11 mm\u00a0 \u00a0 \u00a0<strong data-start=\"333\" data-end=\"346\">Length:<\/strong> 200 cm<\/span><\/p>\n<p><span style=\"font-size: 14px;\"><strong>Origin:<\/strong> Italy<\/span><\/p>\n<p><span style=\"font-size: 13px;\"><em>Pedido m\u00ednimo de 20 unidades \u2013 entrega desde almac\u00e9n internacional<\/em><\/span><\/p>","protected":false},"featured_media":10194,"template":"","meta":{"iawp_total_views":5},"product_brand":[],"product_cat":[245],"product_tag":[],"class_list":{"0":"post-10371","1":"product","2":"type-product","3":"status-publish","4":"has-post-thumbnail","6":"product_cat-rodapie-inox","7":"product_shipping_class-unydeco-direct","9":"first","10":"instock","11":"shipping-taxable","12":"purchasable","13":"product-type-variable"},"aioseo_notices":[],"_links":{"self":[{"href":"https:\/\/gabrientum.es\/en\/wp-json\/wp\/v2\/product\/10371","targetHints":{"allow":["GET"]}}],"collection":[{"href":"https:\/\/gabrientum.es\/en\/wp-json\/wp\/v2\/product"}],"about":[{"href":"https:\/\/gabrientum.es\/en\/wp-json\/wp\/v2\/types\/product"}],"wp:featuredmedia":[{"embeddable":true,"href":"https:\/\/gabrientum.es\/en\/wp-json\/wp\/v2\/media\/10194"}],"wp:attachment":[{"href":"https:\/\/gabrientum.es\/en\/wp-json\/wp\/v2\/media?parent=10371"}],"wp:term":[{"taxonomy":"product_brand","embeddable":true,"href":"https:\/\/gabrientum.es\/en\/wp-json\/wp\/v2\/product_brand?post=10371"},{"taxonomy":"product_cat","embeddable":true,"href":"https:\/\/gabrientum.es\/en\/wp-json\/wp\/v2\/product_cat?post=10371"},{"taxonomy":"product_tag","embeddable":true,"href":"https:\/\/gabrientum.es\/en\/wp-json\/wp\/v2\/product_tag?post=10371"}],"curies":[{"name":"wp","href":"https:\/\/api.w.org\/{rel}","templated":true}]}}