{"id":10681,"date":"2026-04-12T12:15:27","date_gmt":"2026-04-12T11:15:27","guid":{"rendered":"https:\/\/gabrientum.es\/?post_type=product&#038;p=10681"},"modified":"2026-05-09T10:21:57","modified_gmt":"2026-05-09T09:21:57","slug":"perfil-en-t-laton-decoplain","status":"publish","type":"product","link":"https:\/\/gabrientum.es\/en\/product\/perfil-en-t-laton-decoplain\/","title":{"rendered":"Perfil en T lat\u00f3n DECOPLAIN"},"content":{"rendered":"<p class=\"p1\"><span style=\"font-size: 14px;\">Perfil en T lat\u00f3n- perfil embellecedor fabricado en lat\u00f3n dise\u00f1ado para su colocaci\u00f3n como separador en juntas entre revestimientos de bajo espesor de igual o distinta naturaleza.<\/span><\/p>","protected":false},"excerpt":{"rendered":"<p><span style=\"font-size: 14px;\">Perfil en T para separaci\u00f3n de suelos fabricado en lat\u00f3n<\/span><\/p>\n<p><span style=\"font-size: 14px;\"><strong>Color:<\/strong> lat\u00f3n brillante<\/span><\/p>\n<p><span style=\"font-size: 14px;\"><strong>Ancho L:\u00a0<\/strong>14 mm, 20 mm, 26 mm<strong>\u00a0 \u00a0 \u00a0Altura H:<\/strong> 4 mm, 7 mm\u00a0 \u00a0 \u00a0 <strong>Length:<\/strong> 270 cm<\/span><\/p>\n<p><span style=\"font-size: 14px;\"><em>Pedido m\u00ednimo de 10 unidades \u2013 entrega desde almac\u00e9n internacional<\/em><\/span><\/p>","protected":false},"featured_media":10685,"template":"","meta":{"iawp_total_views":1},"product_brand":[],"product_cat":[248],"product_tag":[],"class_list":{"0":"post-10681","1":"product","2":"type-product","3":"status-publish","4":"has-post-thumbnail","6":"product_cat-perfiles-de-suelo","7":"product_shipping_class-unydeco-direct","9":"first","10":"instock","11":"shipping-taxable","12":"purchasable","13":"product-type-variable"},"aioseo_notices":[],"_links":{"self":[{"href":"https:\/\/gabrientum.es\/en\/wp-json\/wp\/v2\/product\/10681","targetHints":{"allow":["GET"]}}],"collection":[{"href":"https:\/\/gabrientum.es\/en\/wp-json\/wp\/v2\/product"}],"about":[{"href":"https:\/\/gabrientum.es\/en\/wp-json\/wp\/v2\/types\/product"}],"wp:featuredmedia":[{"embeddable":true,"href":"https:\/\/gabrientum.es\/en\/wp-json\/wp\/v2\/media\/10685"}],"wp:attachment":[{"href":"https:\/\/gabrientum.es\/en\/wp-json\/wp\/v2\/media?parent=10681"}],"wp:term":[{"taxonomy":"product_brand","embeddable":true,"href":"https:\/\/gabrientum.es\/en\/wp-json\/wp\/v2\/product_brand?post=10681"},{"taxonomy":"product_cat","embeddable":true,"href":"https:\/\/gabrientum.es\/en\/wp-json\/wp\/v2\/product_cat?post=10681"},{"taxonomy":"product_tag","embeddable":true,"href":"https:\/\/gabrientum.es\/en\/wp-json\/wp\/v2\/product_tag?post=10681"}],"curies":[{"name":"wp","href":"https:\/\/api.w.org\/{rel}","templated":true}]}}