{"id":10727,"date":"2026-04-16T07:41:02","date_gmt":"2026-04-16T06:41:02","guid":{"rendered":"https:\/\/gabrientum.es\/?post_type=product&#038;p=10727"},"modified":"2026-04-16T08:22:41","modified_gmt":"2026-04-16T07:22:41","slug":"rodapie-de-aluminio-novorodapie-rehabit-blanco-mate","status":"publish","type":"product","link":"https:\/\/gabrientum.es\/en\/product\/rodapie-de-aluminio-novorodapie-rehabit-blanco-mate\/","title":{"rendered":"Rodapi\u00e9 de aluminio Novorodapie Rehabit blanco mate"},"content":{"rendered":"<p><span style=\"font-size: 14px;\">Rodapi\u00e9 de aluminio Novorodapie Rehabit &#8211; puede colocarse f\u00e1cilmente sin necesidad de obra sobre un rodapi\u00e9 preexistente, ahorrando tiempo de colocaci\u00f3n <\/span><span style=\"font-size: 14px;\">en rehabilitaciones o reformas. Para instalaci\u00f3n sobre pared sin rodapi\u00e9 previo, se recomienda la utilizaci\u00f3n del perfil <\/span><span style=\"font-size: 14px;\">de apoyo que facilita una perfecta sujeci\u00f3n.<\/span><\/p>","protected":false},"excerpt":{"rendered":"<p><span style=\"font-size: 14px;\">Rodapi\u00e9 de aluminio Novorodapie Rehabit<\/span><\/p>\n<p><span style=\"font-size: 14px;\"><strong data-start=\"272\" data-end=\"282\">Color: <\/strong>matt white<\/span><\/p>\n<p><span style=\"font-size: 14px;\"><strong data-start=\"298\" data-end=\"309\">Dimensi\u00f3n:<\/strong> <\/span><\/p>\n<ul>\n<li><span style=\"font-size: 14px;\">altura a:80 mm x espesor h:13,9 mm <\/span><\/li>\n<li><span style=\"font-size: 14px;\">altura a:120 mm x espesor h:23,8 mm \u00a0 \u00a0 \u00a0<\/span><\/li>\n<\/ul>\n<p><span style=\"font-size: 14px;\"><strong data-start=\"355\" data-end=\"368\">Length:<\/strong> 200 cm<\/span><\/p>","protected":false},"featured_media":10730,"template":"","meta":{"iawp_total_views":2},"product_brand":[],"product_cat":[243],"product_tag":[],"class_list":{"0":"post-10727","1":"product","2":"type-product","3":"status-publish","4":"has-post-thumbnail","6":"product_cat-rodapie-aluminio","8":"first","9":"instock","10":"sale","11":"shipping-taxable","12":"purchasable","13":"product-type-variable"},"aioseo_notices":[],"_links":{"self":[{"href":"https:\/\/gabrientum.es\/en\/wp-json\/wp\/v2\/product\/10727","targetHints":{"allow":["GET"]}}],"collection":[{"href":"https:\/\/gabrientum.es\/en\/wp-json\/wp\/v2\/product"}],"about":[{"href":"https:\/\/gabrientum.es\/en\/wp-json\/wp\/v2\/types\/product"}],"wp:featuredmedia":[{"embeddable":true,"href":"https:\/\/gabrientum.es\/en\/wp-json\/wp\/v2\/media\/10730"}],"wp:attachment":[{"href":"https:\/\/gabrientum.es\/en\/wp-json\/wp\/v2\/media?parent=10727"}],"wp:term":[{"taxonomy":"product_brand","embeddable":true,"href":"https:\/\/gabrientum.es\/en\/wp-json\/wp\/v2\/product_brand?post=10727"},{"taxonomy":"product_cat","embeddable":true,"href":"https:\/\/gabrientum.es\/en\/wp-json\/wp\/v2\/product_cat?post=10727"},{"taxonomy":"product_tag","embeddable":true,"href":"https:\/\/gabrientum.es\/en\/wp-json\/wp\/v2\/product_tag?post=10727"}],"curies":[{"name":"wp","href":"https:\/\/api.w.org\/{rel}","templated":true}]}}