{"id":10829,"date":"2026-05-01T08:31:55","date_gmt":"2026-05-01T07:31:55","guid":{"rendered":"https:\/\/gabrientum.es\/?post_type=product&#038;p=10829"},"modified":"2026-05-01T08:57:32","modified_gmt":"2026-05-01T07:57:32","slug":"cubre-zocalo-cf2-wallstyl-110x22x2000mm-noel-marquet","status":"publish","type":"product","link":"https:\/\/gabrientum.es\/en\/product\/cubre-zocalo-cf2-wallstyl-110x22x2000mm-noel-marquet\/","title":{"rendered":"Cubre z\u00f3calo CF2 WALLSTYL 110x22x2000mm No\u00ebl &#038; Marquet"},"content":{"rendered":"<p><span style=\"font-size: 14px;\">Cubre z\u00f3calo CF2 &#8211; Gracias a NO\u00cbL &amp; MARQUET cubre z\u00f3calos, la renovaci\u00f3n se convierte en un juego de ni\u00f1os: hacen que su trabajo sea mucho m\u00e1s f\u00e1cil, al permitirle simplemente cubrir los z\u00f3calos de madera o de cer\u00e1mica ya existentes, en lugar de tener que eliminarlos primero, evitando as\u00ed costes innecesarios en la retirada de los mismos que en muchos casos son dif\u00edciles y engorrosos de quitar.<\/span><\/p>","protected":false},"excerpt":{"rendered":"<p><span style=\"font-size: 14px;\">Cubre z\u00f3calo CF2 WALLSTYL 110 x 22 x 2000 mm &#8211; fabricado en poliestireno extruido (HDPS)<\/span><\/p>\n<p><span style=\"font-size: 14px;\"><strong data-start=\"211\" data-end=\"221\">Color:<\/strong> white \u2013 primed ready for paint<\/span><\/p>\n<p><span style=\"font-size: 14px;\"><strong data-start=\"284\" data-end=\"295\">Height:<\/strong> 110 mm\u00a0 \u00a0 \u00a0<strong data-start=\"306\" data-end=\"322\">Width:<\/strong> 22 mm\u00a0 \u00a0 \u00a0<strong data-start=\"333\" data-end=\"346\">Length:<\/strong> 200 cm<\/span><\/p>\n<ul>\n<li><span style=\"font-size: 14px;\">shock resistant<\/span><\/li>\n<li><span style=\"font-size: 14px;\">resistant to water and moisture<\/span><\/li>\n<li><span style=\"font-size: 14px;\">dimensionally stable<\/span><\/li>\n<li><span style=\"font-size: 14px;\">fully recyclable<\/span><\/li>\n<li><span style=\"font-size: 14px;\">easy to install<\/span><\/li>\n<li><span style=\"font-size: 14px;\">indoor use<\/span><\/li>\n<\/ul>","protected":false},"featured_media":10836,"template":"","meta":{"iawp_total_views":0},"product_brand":[],"product_cat":[295],"product_tag":[],"class_list":{"0":"post-10829","1":"product","2":"type-product","3":"status-publish","4":"has-post-thumbnail","6":"product_cat-zocalo-hdps","7":"product_shipping_class-nmc-iberica","9":"first","10":"instock","11":"sale","12":"shipping-taxable","13":"purchasable","14":"product-type-simple"},"aioseo_notices":[],"_links":{"self":[{"href":"https:\/\/gabrientum.es\/en\/wp-json\/wp\/v2\/product\/10829","targetHints":{"allow":["GET"]}}],"collection":[{"href":"https:\/\/gabrientum.es\/en\/wp-json\/wp\/v2\/product"}],"about":[{"href":"https:\/\/gabrientum.es\/en\/wp-json\/wp\/v2\/types\/product"}],"wp:featuredmedia":[{"embeddable":true,"href":"https:\/\/gabrientum.es\/en\/wp-json\/wp\/v2\/media\/10836"}],"wp:attachment":[{"href":"https:\/\/gabrientum.es\/en\/wp-json\/wp\/v2\/media?parent=10829"}],"wp:term":[{"taxonomy":"product_brand","embeddable":true,"href":"https:\/\/gabrientum.es\/en\/wp-json\/wp\/v2\/product_brand?post=10829"},{"taxonomy":"product_cat","embeddable":true,"href":"https:\/\/gabrientum.es\/en\/wp-json\/wp\/v2\/product_cat?post=10829"},{"taxonomy":"product_tag","embeddable":true,"href":"https:\/\/gabrientum.es\/en\/wp-json\/wp\/v2\/product_tag?post=10829"}],"curies":[{"name":"wp","href":"https:\/\/api.w.org\/{rel}","templated":true}]}}