{"id":7971,"date":"2025-12-30T12:17:33","date_gmt":"2025-12-30T11:17:33","guid":{"rendered":"https:\/\/gabrientum.es\/?post_type=product&#038;p=7971"},"modified":"2026-04-14T12:01:12","modified_gmt":"2026-04-14T11:01:12","slug":"perfil-de-esquina-exterior-novopared-acero-inoxidable","status":"publish","type":"product","link":"https:\/\/gabrientum.es\/en\/product\/perfil-de-esquina-exterior-novopared-acero-inoxidable\/","title":{"rendered":"NOVOPARE Stainless Steel External Corner Profile"},"content":{"rendered":"<p class=\"p1\"><span style=\"font-size: 14px;\">Perfil de esquina exterior NOVOPARED acero inoxidable &#8211; Perfil de l\u00edneas rectas fabricado en acero inoxidable aleaci\u00f3n AISI 304. Este perfil ha sido dise\u00f1ado como remate para proteger y decorar aristas de revestimientos cer\u00e1micos, separador de pavimento, remate de encimera.<\/span><\/p>\n<p class=\"p1\"><span style=\"font-size: 14px;\">Puede ser instalado con revestimientos o pavimentos de entre 8 y 15 mm. de espesor. <\/span><\/p>\n<p class=\"p1\"><span style=\"font-size: 14px;\">Disponible en acabado alto brillo.<\/span><\/p>","protected":false},"excerpt":{"rendered":"<p><span style=\"font-size: 14px;\">Perfil de esquina exterior NOVOPARED acero inoxidable &#8211; Esquinero de acero inoxidable para azulejos que sirve para rematar, decorar y proteger la esquina exterior de la pared. La instalaci\u00f3n se realiza simult\u00e1neamente con la de los azulejos cer\u00e1micos.<\/span><\/p>\n<p><span style=\"font-size: 14px;\"><strong>Color:<\/strong> acero inoxidable alto brillo<\/span><\/p>\n<p><span style=\"font-size: 14px;\"><strong>Height<\/strong> 8 mm, 10 mm, 12 mm, 15 mm<\/span><\/p>\n<p><span style=\"font-size: 14px;\"><strong>Length:<\/strong> 250 cm<\/span><\/p>","protected":false},"featured_media":7966,"template":"","meta":{"iawp_total_views":0},"product_brand":[],"product_cat":[350],"product_tag":[],"class_list":{"0":"post-7971","1":"product","2":"type-product","3":"status-publish","4":"has-post-thumbnail","6":"product_cat-angulo-exterior","7":"product_shipping_class-emac-perfilesrodapie","9":"first","10":"instock","11":"shipping-taxable","12":"purchasable","13":"product-type-variable"},"aioseo_notices":[],"_links":{"self":[{"href":"https:\/\/gabrientum.es\/en\/wp-json\/wp\/v2\/product\/7971","targetHints":{"allow":["GET"]}}],"collection":[{"href":"https:\/\/gabrientum.es\/en\/wp-json\/wp\/v2\/product"}],"about":[{"href":"https:\/\/gabrientum.es\/en\/wp-json\/wp\/v2\/types\/product"}],"wp:featuredmedia":[{"embeddable":true,"href":"https:\/\/gabrientum.es\/en\/wp-json\/wp\/v2\/media\/7966"}],"wp:attachment":[{"href":"https:\/\/gabrientum.es\/en\/wp-json\/wp\/v2\/media?parent=7971"}],"wp:term":[{"taxonomy":"product_brand","embeddable":true,"href":"https:\/\/gabrientum.es\/en\/wp-json\/wp\/v2\/product_brand?post=7971"},{"taxonomy":"product_cat","embeddable":true,"href":"https:\/\/gabrientum.es\/en\/wp-json\/wp\/v2\/product_cat?post=7971"},{"taxonomy":"product_tag","embeddable":true,"href":"https:\/\/gabrientum.es\/en\/wp-json\/wp\/v2\/product_tag?post=7971"}],"curies":[{"name":"wp","href":"https:\/\/api.w.org\/{rel}","templated":true}]}}