{"id":7974,"date":"2025-12-30T12:18:19","date_gmt":"2025-12-30T11:18:19","guid":{"rendered":"https:\/\/gabrientum.es\/?post_type=product&#038;p=7974"},"modified":"2026-04-14T12:01:12","modified_gmt":"2026-04-14T11:01:12","slug":"perfil-de-esquina-exterior-novopared-laton","status":"publish","type":"product","link":"https:\/\/gabrientum.es\/en\/product\/perfil-de-esquina-exterior-novopared-laton\/","title":{"rendered":"NOVOPARE Brass Exterior Corner Profile"},"content":{"rendered":"<p class=\"p1\"><span style=\"font-size: 14px;\">Perfil de esquina exterior NOVOPARED lat\u00f3n &#8211; Perfil de l\u00edneas rectas fabricado en lat\u00f3n dise\u00f1ado como remate para proteger y decorar aristas de revestimientos cer\u00e1micos, separador de pavimento, remate de encimera.<\/span><\/p>\n<p class=\"p1\"><span style=\"font-size: 14px;\">Disponible en acabado natural.<\/span><\/p>","protected":false},"excerpt":{"rendered":"<p><span style=\"font-size: 14px;\">Perfil de esquina exterior NOVOPARED lat\u00f3n &#8211; Esquinero de lat\u00f3n para azulejos que sirve para rematar, decorar y proteger la esquina exterior de la pared. La instalaci\u00f3n se realiza simult\u00e1neamente con la de los azulejos cer\u00e1micos.<\/span><\/p>\n<p><span style=\"font-size: 14px;\"><strong>Color: <\/strong>lat\u00f3n natural<\/span><\/p>\n<p><span style=\"font-size: 14px;\"><strong>Height<\/strong> 8 mm, 10 mm, 12,5 mm, 15 mm, 20 mm, 25 mm<\/span><\/p>\n<p><span style=\"font-size: 14px;\"><strong>Length:<\/strong> 250 cm<\/span><\/p>","protected":false},"featured_media":7968,"template":"","meta":{"iawp_total_views":0},"product_brand":[],"product_cat":[350],"product_tag":[],"class_list":{"0":"post-7974","1":"product","2":"type-product","3":"status-publish","4":"has-post-thumbnail","6":"product_cat-angulo-exterior","7":"product_shipping_class-emac-perfilesrodapie","9":"first","10":"instock","11":"sale","12":"shipping-taxable","13":"purchasable","14":"product-type-variable"},"aioseo_notices":[],"_links":{"self":[{"href":"https:\/\/gabrientum.es\/en\/wp-json\/wp\/v2\/product\/7974","targetHints":{"allow":["GET"]}}],"collection":[{"href":"https:\/\/gabrientum.es\/en\/wp-json\/wp\/v2\/product"}],"about":[{"href":"https:\/\/gabrientum.es\/en\/wp-json\/wp\/v2\/types\/product"}],"wp:featuredmedia":[{"embeddable":true,"href":"https:\/\/gabrientum.es\/en\/wp-json\/wp\/v2\/media\/7968"}],"wp:attachment":[{"href":"https:\/\/gabrientum.es\/en\/wp-json\/wp\/v2\/media?parent=7974"}],"wp:term":[{"taxonomy":"product_brand","embeddable":true,"href":"https:\/\/gabrientum.es\/en\/wp-json\/wp\/v2\/product_brand?post=7974"},{"taxonomy":"product_cat","embeddable":true,"href":"https:\/\/gabrientum.es\/en\/wp-json\/wp\/v2\/product_cat?post=7974"},{"taxonomy":"product_tag","embeddable":true,"href":"https:\/\/gabrientum.es\/en\/wp-json\/wp\/v2\/product_tag?post=7974"}],"curies":[{"name":"wp","href":"https:\/\/api.w.org\/{rel}","templated":true}]}}