{"id":7984,"date":"2025-12-30T13:24:25","date_gmt":"2025-12-30T12:24:25","guid":{"rendered":"https:\/\/gabrientum.es\/?post_type=product&#038;p=7984"},"modified":"2026-04-14T12:00:57","modified_gmt":"2026-04-14T11:00:57","slug":"perfil-de-esquina-exterior-laton-novocanto","status":"publish","type":"product","link":"https:\/\/gabrientum.es\/en\/product\/perfil-de-esquina-exterior-laton-novocanto\/","title":{"rendered":"NOVOCANTO Brass External Corner Profile"},"content":{"rendered":"<p><span style=\"font-size: 14px;\">Perfil de esquina exterior lat\u00f3n\u00a0 &#8211; Perfil de forma redondeada fabricado en lat\u00f3n. Este perfil ha sido dise\u00f1ado para la protecci\u00f3n y decoraci\u00f3n de esquinas en instalaciones cer\u00e1micas de pared, protegiendo de posibles da\u00f1os mec\u00e1nicos y aumentando la durabilidad de la instalaci\u00f3n.\u00a0<\/span><\/p>\n<p><span style=\"font-size: 14px;\">Est\u00e1 disponible en lat\u00f3n natural.<\/span><\/p>","protected":false},"excerpt":{"rendered":"<p><span style=\"font-size: 14px;\">Perfil de esquina exterior lat\u00f3n &#8211; Esquinero de acero inoxidable para azulejos que sirve para rematar, decorar y proteger la esquina exterior de la pared. La instalaci\u00f3n se realiza simult\u00e1neamente con la de los azulejos cer\u00e1micos.<\/span><\/p>\n<p><span style=\"font-size: 14px;\"><strong>Color:<\/strong> lat\u00f3n natural<\/span><\/p>\n<p><span style=\"font-size: 14px;\"><strong>Height<\/strong> 8 mm, 10 mm, 12 mm<\/span><\/p>\n<p><span style=\"font-size: 14px;\"><strong>Length:<\/strong> 250 cm<\/span><\/p>","protected":false},"featured_media":7985,"template":"","meta":{"iawp_total_views":1},"product_brand":[],"product_cat":[350],"product_tag":[],"class_list":{"0":"post-7984","1":"product","2":"type-product","3":"status-publish","4":"has-post-thumbnail","6":"product_cat-angulo-exterior","7":"product_shipping_class-emac-perfilesrodapie","9":"first","10":"instock","11":"sale","12":"shipping-taxable","13":"purchasable","14":"product-type-variable"},"aioseo_notices":[],"_links":{"self":[{"href":"https:\/\/gabrientum.es\/en\/wp-json\/wp\/v2\/product\/7984","targetHints":{"allow":["GET"]}}],"collection":[{"href":"https:\/\/gabrientum.es\/en\/wp-json\/wp\/v2\/product"}],"about":[{"href":"https:\/\/gabrientum.es\/en\/wp-json\/wp\/v2\/types\/product"}],"wp:featuredmedia":[{"embeddable":true,"href":"https:\/\/gabrientum.es\/en\/wp-json\/wp\/v2\/media\/7985"}],"wp:attachment":[{"href":"https:\/\/gabrientum.es\/en\/wp-json\/wp\/v2\/media?parent=7984"}],"wp:term":[{"taxonomy":"product_brand","embeddable":true,"href":"https:\/\/gabrientum.es\/en\/wp-json\/wp\/v2\/product_brand?post=7984"},{"taxonomy":"product_cat","embeddable":true,"href":"https:\/\/gabrientum.es\/en\/wp-json\/wp\/v2\/product_cat?post=7984"},{"taxonomy":"product_tag","embeddable":true,"href":"https:\/\/gabrientum.es\/en\/wp-json\/wp\/v2\/product_tag?post=7984"}],"curies":[{"name":"wp","href":"https:\/\/api.w.org\/{rel}","templated":true}]}}