{"id":7987,"date":"2025-12-30T13:31:17","date_gmt":"2025-12-30T12:31:17","guid":{"rendered":"https:\/\/gabrientum.es\/?post_type=product&#038;p=7987"},"modified":"2026-04-14T12:01:25","modified_gmt":"2026-04-14T11:01:25","slug":"perfil-en-t-novosepara-4-acero-inoxidable","status":"publish","type":"product","link":"https:\/\/gabrientum.es\/en\/product\/perfil-en-t-novosepara-4-acero-inoxidable\/","title":{"rendered":"NOVOSEPARA 4 T-profile Stainless steel"},"content":{"rendered":"<p><span style=\"font-size: 14px;\">Perfil en T &#8211; Perfil embellecedor fabricado en aluminio y acero inoxidable dise\u00f1ado para su colocaci\u00f3n en juntas de separaci\u00f3n de pavimentos de igual o distinta naturaleza. Puede ser colocado tanto antes como despu\u00e9s de la instalaci\u00f3n del pavimento.<\/span><\/p>\n<p><span style=\"font-size: 14px;\">Disponible en acero inoxidable alto brillo.<\/span><\/p>","protected":false},"excerpt":{"rendered":"<p><span style=\"font-size: 14px;\">Perfil en T para separaci\u00f3n de suelos fabricado en alcero inoxidable<\/span><\/p>\n<p><span style=\"font-size: 14px;\"><strong>Color:<\/strong> acero inoxidable &#8211; alto brillo<\/span><\/p>\n<p><span style=\"font-size: 14px;\"><strong>Width: <\/strong>13 mm<strong>\u00a0 \u00a0 \u00a0Height<\/strong> 11 mm\u00a0 \u00a0 \u00a0 <\/span><span style=\"font-size: 14px;\"><strong>Length:<\/strong> 250 cm.<\/span><\/p>\n<p>&nbsp;<\/p>","protected":false},"featured_media":9130,"template":"","meta":{"iawp_total_views":1},"product_brand":[],"product_cat":[248],"product_tag":[],"class_list":{"0":"post-7987","1":"product","2":"type-product","3":"status-publish","4":"has-post-thumbnail","6":"product_cat-perfiles-de-suelo","7":"product_shipping_class-emac-perfilesrodapie","9":"first","10":"instock","11":"sale","12":"shipping-taxable","13":"purchasable","14":"product-type-simple"},"aioseo_notices":[],"_links":{"self":[{"href":"https:\/\/gabrientum.es\/en\/wp-json\/wp\/v2\/product\/7987","targetHints":{"allow":["GET"]}}],"collection":[{"href":"https:\/\/gabrientum.es\/en\/wp-json\/wp\/v2\/product"}],"about":[{"href":"https:\/\/gabrientum.es\/en\/wp-json\/wp\/v2\/types\/product"}],"wp:featuredmedia":[{"embeddable":true,"href":"https:\/\/gabrientum.es\/en\/wp-json\/wp\/v2\/media\/9130"}],"wp:attachment":[{"href":"https:\/\/gabrientum.es\/en\/wp-json\/wp\/v2\/media?parent=7987"}],"wp:term":[{"taxonomy":"product_brand","embeddable":true,"href":"https:\/\/gabrientum.es\/en\/wp-json\/wp\/v2\/product_brand?post=7987"},{"taxonomy":"product_cat","embeddable":true,"href":"https:\/\/gabrientum.es\/en\/wp-json\/wp\/v2\/product_cat?post=7987"},{"taxonomy":"product_tag","embeddable":true,"href":"https:\/\/gabrientum.es\/en\/wp-json\/wp\/v2\/product_tag?post=7987"}],"curies":[{"name":"wp","href":"https:\/\/api.w.org\/{rel}","templated":true}]}}