{"id":7994,"date":"2025-12-30T14:16:27","date_gmt":"2025-12-30T13:16:27","guid":{"rendered":"https:\/\/gabrientum.es\/?post_type=product&#038;p=7994"},"modified":"2026-04-14T12:01:41","modified_gmt":"2026-04-14T11:01:41","slug":"perfil-separador-de-suelo-novosuelo-aluminio","status":"publish","type":"product","link":"https:\/\/gabrientum.es\/en\/product\/perfil-separador-de-suelo-novosuelo-aluminio\/","title":{"rendered":"NOVOSUELO aluminum floor separator profile"},"content":{"rendered":"<p dir=\"ltr\" align=\"justify\"><span style=\"font-size: 14px;\">Perfil separador de suelo NOVOSUELO aluminio &#8211; Perfil de l\u00edneas rectas fabricado en lat\u00f3n dise\u00f1ado como remate para proteger y decorar aristas de revestimientos cer\u00e1micos, separador de pavimento, remate de encimera.<\/span><\/p>\n<p dir=\"ltr\" align=\"justify\"><span style=\"font-size: 14px;\">Disponible en acabado natural.<\/span><\/p>","protected":false},"excerpt":{"rendered":"<p><span style=\"font-size: 14px;\">Perfil separador de suelo NOVOSUELO aluminio &#8211; Perfil de borde de suelo con diferentes acabados de aluminio<\/span><\/p>\n<p><span style=\"font-size: 14px;\"><strong>Color:<\/strong> natural, plata mate, negro mate, blanco mate, oro mate<\/span><\/p>\n<p><span style=\"font-size: 14px;\"><strong>Height<\/strong> 4,5 mm, 6 mm, 8 mm, 10 mm, 12,5 mm, 15 mm, 17,5 mm, 20 mm, 22,5 mm, 25 mm, 30 mm.<\/span><\/p>\n<p><span style=\"font-size: 14px;\"><strong>Length:<\/strong> 250 cm.<\/span><\/p>","protected":false},"featured_media":7995,"template":"","meta":{"iawp_total_views":37},"product_brand":[],"product_cat":[248],"product_tag":[],"class_list":{"0":"post-7994","1":"product","2":"type-product","3":"status-publish","4":"has-post-thumbnail","6":"product_cat-perfiles-de-suelo","7":"product_shipping_class-emac-perfilesrodapie","9":"first","10":"instock","11":"sale","12":"shipping-taxable","13":"purchasable","14":"product-type-variable"},"aioseo_notices":[],"_links":{"self":[{"href":"https:\/\/gabrientum.es\/en\/wp-json\/wp\/v2\/product\/7994","targetHints":{"allow":["GET"]}}],"collection":[{"href":"https:\/\/gabrientum.es\/en\/wp-json\/wp\/v2\/product"}],"about":[{"href":"https:\/\/gabrientum.es\/en\/wp-json\/wp\/v2\/types\/product"}],"wp:featuredmedia":[{"embeddable":true,"href":"https:\/\/gabrientum.es\/en\/wp-json\/wp\/v2\/media\/7995"}],"wp:attachment":[{"href":"https:\/\/gabrientum.es\/en\/wp-json\/wp\/v2\/media?parent=7994"}],"wp:term":[{"taxonomy":"product_brand","embeddable":true,"href":"https:\/\/gabrientum.es\/en\/wp-json\/wp\/v2\/product_brand?post=7994"},{"taxonomy":"product_cat","embeddable":true,"href":"https:\/\/gabrientum.es\/en\/wp-json\/wp\/v2\/product_cat?post=7994"},{"taxonomy":"product_tag","embeddable":true,"href":"https:\/\/gabrientum.es\/en\/wp-json\/wp\/v2\/product_tag?post=7994"}],"curies":[{"name":"wp","href":"https:\/\/api.w.org\/{rel}","templated":true}]}}