{"id":8045,"date":"2025-12-31T10:04:53","date_gmt":"2025-12-31T09:04:53","guid":{"rendered":"https:\/\/gabrientum.es\/?post_type=product&#038;p=8045"},"modified":"2026-05-09T20:42:06","modified_gmt":"2026-05-09T19:42:06","slug":"perfil-vierteaguas-novovierteaguas-eclipse-xs","status":"publish","type":"product","link":"https:\/\/gabrientum.es\/en\/product\/perfil-vierteaguas-novovierteaguas-eclipse-xs\/","title":{"rendered":"NOVOVIERTEAGUAS ECLIPSE XS water flashing profile"},"content":{"rendered":"<p><span style=\"font-size: 14px;\">Perfil vierteaguas &#8211; Perfil de aluminio lacado, el m\u00e1s <strong>compacto\u00a0<\/strong>de la gama EMAC\u00ae, que aporta una est\u00e9tica minimalista sin renunciar a la funcionalidad.<\/span><\/p>\n<p><span style=\"font-size: 14px;\">El exclusivo dise\u00f1o del <strong>goter\u00f3n EMAC\u00ae<\/strong>, ranurado a lo largo del perfil, canaliza el agua de lluvia de forma efectiva, evitando el chorreo sobre la fachada . El sistema integra un <strong>doble alojamiento<\/strong> (interior\/exterior) para la impermeabilizaci\u00f3n, probado mediante ensayo, que preserva la estanqueidad incluso ante el deterioro del cord\u00f3n de silicona exterior. Este sistema ha certificado resultados \u00f3ptimos en instalaciones con revestimientos de altura 10\u202fmm y 12\u202fmm, sin necesidad de dejarlo enrasado. Tambi\u00e9n puede adaptarse a otros espesores de revestimiento<\/span><\/p>\n<p><span style=\"font-size: 14px;\"><strong>Novovierteaguas Eclipse\u00ae XS<\/strong> puede alojar una tira LED opcional, ideal para generar iluminaci\u00f3n indirecta; adem\u00e1s, incorpora un tope posicionador que facilita una instalaci\u00f3n precisa \u00a0Est\u00e1 disponible en tres acabados lacados y se complementa con accesorios de uni\u00f3n y \u00e1ngulo para un remate impecable.<\/span><\/p>\n<p><span style=\"font-size: 14px;\"><strong>Novovierteaguas Eclipse\u00ae XS<\/strong> redefine la discreci\u00f3n: dise\u00f1o compacto, protecci\u00f3n total e instalaci\u00f3n precisa al servicio de sus fachadas sin renunciar a la est\u00e9tica Eclipse\u00ae de EMAC\u00ae.<\/span><\/p>\n<div style=\"width: 1140px;\" class=\"wp-video\"><video class=\"wp-video-shortcode\" id=\"video-8045-1\" width=\"1140\" height=\"641\" preload=\"metadata\" controls=\"controls\"><source type=\"video\/mp4\" src=\"https:\/\/gabrientum.es\/wp-content\/uploads\/2026\/04\/NOVOVIERTEAGUAS-ECLIPSE-XS-Emac.mp4?_=1\" \/><a href=\"https:\/\/gabrientum.es\/wp-content\/uploads\/2026\/04\/NOVOVIERTEAGUAS-ECLIPSE-XS-Emac.mp4\">https:\/\/gabrientum.es\/wp-content\/uploads\/2026\/04\/NOVOVIERTEAGUAS-ECLIPSE-XS-Emac.mp4<\/a><\/video><\/div>","protected":false},"excerpt":{"rendered":"<p><span style=\"font-size: 14px;\">Aluminum profile for terraces and balconies.<\/span><\/p>\n<p><span style=\"font-size: 14px;\"><strong>Color:<\/strong> \u00f3xido gris (gris oscuro), gris claro, blanco mate<\/span><\/p>\n<p><span style=\"font-size: 14px;\"><strong>Altura a:<\/strong> 35 mm\u00a0 \u00a0 \u00a0 <\/span><span style=\"font-size: 14px;\"><strong>Espesor b:<\/strong> 22,5 mm\u00a0 \u00a0 \u00a0<\/span><span style=\"font-size: 14px;\"><strong>Length:<\/strong> 250 cm<\/span><\/p>","protected":false},"featured_media":8046,"template":"","meta":{"iawp_total_views":4},"product_brand":[],"product_cat":[249],"product_tag":[],"class_list":{"0":"post-8045","1":"product","2":"type-product","3":"status-publish","4":"has-post-thumbnail","6":"product_cat-perfiles-para-balcones-y-terrazas","7":"product_shipping_class-emac-perfilesrodapie","9":"first","10":"instock","11":"sale","12":"shipping-taxable","13":"purchasable","14":"product-type-variable"},"aioseo_notices":[],"_links":{"self":[{"href":"https:\/\/gabrientum.es\/en\/wp-json\/wp\/v2\/product\/8045","targetHints":{"allow":["GET"]}}],"collection":[{"href":"https:\/\/gabrientum.es\/en\/wp-json\/wp\/v2\/product"}],"about":[{"href":"https:\/\/gabrientum.es\/en\/wp-json\/wp\/v2\/types\/product"}],"wp:featuredmedia":[{"embeddable":true,"href":"https:\/\/gabrientum.es\/en\/wp-json\/wp\/v2\/media\/8046"}],"wp:attachment":[{"href":"https:\/\/gabrientum.es\/en\/wp-json\/wp\/v2\/media?parent=8045"}],"wp:term":[{"taxonomy":"product_brand","embeddable":true,"href":"https:\/\/gabrientum.es\/en\/wp-json\/wp\/v2\/product_brand?post=8045"},{"taxonomy":"product_cat","embeddable":true,"href":"https:\/\/gabrientum.es\/en\/wp-json\/wp\/v2\/product_cat?post=8045"},{"taxonomy":"product_tag","embeddable":true,"href":"https:\/\/gabrientum.es\/en\/wp-json\/wp\/v2\/product_tag?post=8045"}],"curies":[{"name":"wp","href":"https:\/\/api.w.org\/{rel}","templated":true}]}}