{"id":8309,"date":"2026-01-07T13:38:34","date_gmt":"2026-01-07T12:38:34","guid":{"rendered":"https:\/\/gabrientum.es\/?post_type=product&#038;p=8309"},"modified":"2026-04-14T12:01:54","modified_gmt":"2026-04-14T11:01:54","slug":"rodapie-de-aluminio-blanco-mate-novorodapie-eclipse-sp","status":"publish","type":"product","link":"https:\/\/gabrientum.es\/en\/product\/rodapie-de-aluminio-blanco-mate-novorodapie-eclipse-sp\/","title":{"rendered":"ECLIPSE SP matte white aluminum skirting board"},"content":{"rendered":"<p><span style=\"font-size: 14px;\"><strong>Rodapi\u00e9 de aluminio Novorodapie Eclipse SP<\/strong> &#8211; es un perfil fabricado en aluminio para colocaci\u00f3n como rodapi\u00e9 en instalaciones con todo tipo de revestimientos. Su geometr\u00eda con l\u00edneas rectas y superficie lisa protege el revestimiento y permite instalarlo antes o despu\u00e9s de obra, cubriendo la junta perimetral.<\/span><\/p>\n<p><span style=\"font-size: 14px;\">Este perfil es altamente polivalente y reversible. Puede colocarse, adem\u00e1s de como rodapi\u00e9, como remate intermedio o superior en la pared en dos posiciones distintas. Opcionalmente puede instalarse una tira de LED (no incluida) en cualquiera de los huecos interiores, pudiendo elegir entre una iluminaci\u00f3n m\u00e1s discreta o m\u00e1s visible. En el hueco de mayor tama\u00f1o tambi\u00e9n puede colocarse una tira del mismo revestimiento, obteniendo un acabado totalmente integrado en la instalaci\u00f3n.<\/span><\/p>","protected":false},"excerpt":{"rendered":"<p><span style=\"font-size: 14px;\">Rodapi\u00e9 de aluminio Novorodapie Eclipse SP, con o sin iluminaci\u00f3n LED.<\/span><\/p>\n<p><span style=\"font-size: 14px;\"><strong data-start=\"272\" data-end=\"282\">Color: <\/strong>matt white<\/span><\/p>\n<p><span style=\"font-size: 14px;\"><strong data-start=\"298\" data-end=\"309\">Height:<\/strong> 80 mm\u00a0 \u00a0 \u00a0<strong data-start=\"320\" data-end=\"336\">Espesor:<\/strong> 11 mm\u00a0 \u00a0 \u00a0<strong data-start=\"355\" data-end=\"368\">Length:<\/strong> 250 cm<\/span><\/p>\n<p data-start=\"412\" data-end=\"551\"><span style=\"font-size: 14px;\">Electrical components not included (LED strip, connectors, transformers, etc.).<\/span><\/p>","protected":false},"featured_media":8302,"template":"","meta":{"iawp_total_views":0},"product_brand":[],"product_cat":[243],"product_tag":[],"class_list":{"0":"post-8309","1":"product","2":"type-product","3":"status-publish","4":"has-post-thumbnail","6":"product_cat-rodapie-aluminio","7":"product_shipping_class-emac-perfilesrodapie","9":"first","10":"instock","11":"sale","12":"shipping-taxable","13":"purchasable","14":"product-type-simple"},"aioseo_notices":[],"_links":{"self":[{"href":"https:\/\/gabrientum.es\/en\/wp-json\/wp\/v2\/product\/8309","targetHints":{"allow":["GET"]}}],"collection":[{"href":"https:\/\/gabrientum.es\/en\/wp-json\/wp\/v2\/product"}],"about":[{"href":"https:\/\/gabrientum.es\/en\/wp-json\/wp\/v2\/types\/product"}],"wp:featuredmedia":[{"embeddable":true,"href":"https:\/\/gabrientum.es\/en\/wp-json\/wp\/v2\/media\/8302"}],"wp:attachment":[{"href":"https:\/\/gabrientum.es\/en\/wp-json\/wp\/v2\/media?parent=8309"}],"wp:term":[{"taxonomy":"product_brand","embeddable":true,"href":"https:\/\/gabrientum.es\/en\/wp-json\/wp\/v2\/product_brand?post=8309"},{"taxonomy":"product_cat","embeddable":true,"href":"https:\/\/gabrientum.es\/en\/wp-json\/wp\/v2\/product_cat?post=8309"},{"taxonomy":"product_tag","embeddable":true,"href":"https:\/\/gabrientum.es\/en\/wp-json\/wp\/v2\/product_tag?post=8309"}],"curies":[{"name":"wp","href":"https:\/\/api.w.org\/{rel}","templated":true}]}}