{"id":8402,"date":"2026-01-07T20:33:46","date_gmt":"2026-01-07T19:33:46","guid":{"rendered":"https:\/\/gabrientum.es\/?post_type=product&#038;p=8402"},"modified":"2026-04-14T12:00:56","modified_gmt":"2026-04-14T11:00:56","slug":"perfil-de-esquina-para-iluminacion-led-novoescuadra-eclipse-sunset","status":"publish","type":"product","link":"https:\/\/gabrientum.es\/en\/product\/perfil-de-esquina-para-iluminacion-led-novoescuadra-eclipse-sunset\/","title":{"rendered":"Perfil de esquina con iluminaci\u00f3n LED Eclipse Sunset"},"content":{"rendered":"<p><span style=\"font-size: 14px;\">Perfil de esquina para iluminaci\u00f3n LED &#8211; La nueva colecci\u00f3n <strong>Eclipse Sunset <\/strong>nace para crear el efecto del atardecer en los distintos espacios donde se instala, creando calma y confort a trav\u00e9s del uso de la luz.<\/span><\/p>\n<p><span style=\"font-size: 14px;\"><strong>Novoescuadra Eclipse Sunset<\/strong> es un perfil para colocaci\u00f3n como protecci\u00f3n de esquinas. Su geometr\u00eda, con perfil embellecedor clipado, est\u00e1 dise\u00f1ada para la colocaci\u00f3n oculta de tiras LED hacia la pared, dejando que la iluminaci\u00f3n fluya a ambos lados del perfil y generando un innovador efecto de cortina de luz. Esta cortina de luz contribuye a la creaci\u00f3n de ambientes c\u00e1lidos y relajados, generando una sensaci\u00f3n de confort en el entorno.<\/span><\/p>\n<p><span style=\"font-size: 14px;\"><strong>Novoescuadra Eclipse Sunset <\/strong>es un sistema que se adapta a revestimientos de entre 8 y 13 mm, cubriendo la mayor\u00eda de necesidades del mercado.\u00a0<\/span><\/p>\n<p><span style=\"font-size: 14px;\">Est\u00e1 disponible en acabados anodizados negro y plata mate y lacado blanco mate.<\/span><\/p>\n<div style=\"width: 1140px;\" class=\"wp-video\"><video class=\"wp-video-shortcode\" id=\"video-8402-1\" width=\"1140\" height=\"641\" poster=\"https:\/\/gabrientum.es\/wp-content\/uploads\/2026\/01\/novoescuadra-eclipse-sunset-negro-mate_instalacion_esquinas-e1767814248246.jpg\" preload=\"metadata\" controls=\"controls\"><source type=\"video\/mp4\" src=\"https:\/\/gabrientum.es\/wp-content\/uploads\/2026\/01\/Novoescuadra-Eclipse-Sunset.mp4?_=1\" \/><a href=\"https:\/\/gabrientum.es\/wp-content\/uploads\/2026\/01\/Novoescuadra-Eclipse-Sunset.mp4\">https:\/\/gabrientum.es\/wp-content\/uploads\/2026\/01\/Novoescuadra-Eclipse-Sunset.mp4<\/a><\/video><\/div>","protected":false},"excerpt":{"rendered":"<p><span style=\"font-size: 14px;\">Perfil de esquina para iluminaci\u00f3n LED <\/span><strong><span style=\"font-size: 14px;\">Novoescuadra Eclipse Sunset<\/span><\/strong><\/p>\n<p><span style=\"font-size: 14px;\"><strong>Color:<\/strong> negro mate, blanco mate, plata mate<\/span><\/p>\n<p><span style=\"font-size: 14px;\"><strong>Dimensions:<\/strong> a &#8211; 25 mm \/ b &#8211; 3,7 mm \/ c &#8211; 9 mm\u00a0 \u00a0 \u00a0<\/span><span style=\"font-size: 14px;\"><strong>Length:<\/strong> 250 cm<\/span><\/p>\n<p><span style=\"font-size: 13px;\">Electrical components not included (LED strip, connectors, transformers, etc.).<\/span><\/p>","protected":false},"featured_media":8411,"template":"","meta":{"iawp_total_views":0},"product_brand":[],"product_cat":[350],"product_tag":[],"class_list":{"0":"post-8402","1":"product","2":"type-product","3":"status-publish","4":"has-post-thumbnail","6":"product_cat-angulo-exterior","7":"product_shipping_class-emac-perfilesrodapie","9":"first","10":"instock","11":"sale","12":"shipping-taxable","13":"purchasable","14":"product-type-variable"},"aioseo_notices":[],"_links":{"self":[{"href":"https:\/\/gabrientum.es\/en\/wp-json\/wp\/v2\/product\/8402","targetHints":{"allow":["GET"]}}],"collection":[{"href":"https:\/\/gabrientum.es\/en\/wp-json\/wp\/v2\/product"}],"about":[{"href":"https:\/\/gabrientum.es\/en\/wp-json\/wp\/v2\/types\/product"}],"wp:featuredmedia":[{"embeddable":true,"href":"https:\/\/gabrientum.es\/en\/wp-json\/wp\/v2\/media\/8411"}],"wp:attachment":[{"href":"https:\/\/gabrientum.es\/en\/wp-json\/wp\/v2\/media?parent=8402"}],"wp:term":[{"taxonomy":"product_brand","embeddable":true,"href":"https:\/\/gabrientum.es\/en\/wp-json\/wp\/v2\/product_brand?post=8402"},{"taxonomy":"product_cat","embeddable":true,"href":"https:\/\/gabrientum.es\/en\/wp-json\/wp\/v2\/product_cat?post=8402"},{"taxonomy":"product_tag","embeddable":true,"href":"https:\/\/gabrientum.es\/en\/wp-json\/wp\/v2\/product_tag?post=8402"}],"curies":[{"name":"wp","href":"https:\/\/api.w.org\/{rel}","templated":true}]}}