{"id":8428,"date":"2026-01-08T11:32:24","date_gmt":"2026-01-08T10:32:24","guid":{"rendered":"https:\/\/gabrientum.es\/?post_type=product&#038;p=8428"},"modified":"2026-04-14T12:01:13","modified_gmt":"2026-04-14T11:01:13","slug":"perfil-de-esquina-exterior-novopilastra","status":"publish","type":"product","link":"https:\/\/gabrientum.es\/en\/product\/perfil-de-esquina-exterior-novopilastra\/","title":{"rendered":"Novopilastra exterior corner profile"},"content":{"rendered":"<p><span style=\"font-size: 14px;\">Perfil de esquina &#8211; Un perfil cl\u00e1sico que se reinventa y vuelve a estar de moda. Un remate de aluminio con forma de cruz para proteger las esquinas revestidas con todo tipo de azulejos, m\u00e1rmoles, piedras naturales&#8230;<\/span><\/p>\n<p><span style=\"font-size: 14px;\">Id\u00f3neo para rematar esquinas y bancadas, y embellecer alicatados en ambientes de estilo industrial. Actualmente, una de las tendencias decorativas m\u00e1s importantes.<\/span><\/p>\n<p><span style=\"font-size: 14px;\">2 modelos disponibles (8\/10mmm y 12\/15mm). Cada uno de ellos puede utilizarse para 2 medidas diferentes de azulejo.<\/span><\/p>","protected":false},"excerpt":{"rendered":"<p><span style=\"font-size: 14px;\">Perfil de esquina\u00a0para azulejos que sirve para rematar, decorar y proteger la esquina exterior de la pared. La instalaci\u00f3n se realiza simult\u00e1neamente con la de los azulejos cer\u00e1micos.<\/span><\/p>\n<p><span style=\"font-size: 14px;\"><strong>Color:<\/strong> aluminio natural, plata mate, plata brillo, blanco, negro mate, negro brillo<\/span><\/p>\n<p><span style=\"font-size: 14px;\"><strong>Dimensions:<\/strong> h1 8mm &#8211; h2 10mm &lt;&gt; h1 12mm &#8211; h2 15mm<\/span><\/p>\n<p><span style=\"font-size: 14px;\"><strong>Length:<\/strong> 250 cm<\/span><\/p>","protected":false},"featured_media":8427,"template":"","meta":{"iawp_total_views":1},"product_brand":[],"product_cat":[350],"product_tag":[],"class_list":{"0":"post-8428","1":"product","2":"type-product","3":"status-publish","4":"has-post-thumbnail","6":"product_cat-angulo-exterior","7":"product_shipping_class-emac-perfilesrodapie","9":"first","10":"instock","11":"shipping-taxable","12":"purchasable","13":"product-type-variable"},"aioseo_notices":[],"_links":{"self":[{"href":"https:\/\/gabrientum.es\/en\/wp-json\/wp\/v2\/product\/8428","targetHints":{"allow":["GET"]}}],"collection":[{"href":"https:\/\/gabrientum.es\/en\/wp-json\/wp\/v2\/product"}],"about":[{"href":"https:\/\/gabrientum.es\/en\/wp-json\/wp\/v2\/types\/product"}],"wp:featuredmedia":[{"embeddable":true,"href":"https:\/\/gabrientum.es\/en\/wp-json\/wp\/v2\/media\/8427"}],"wp:attachment":[{"href":"https:\/\/gabrientum.es\/en\/wp-json\/wp\/v2\/media?parent=8428"}],"wp:term":[{"taxonomy":"product_brand","embeddable":true,"href":"https:\/\/gabrientum.es\/en\/wp-json\/wp\/v2\/product_brand?post=8428"},{"taxonomy":"product_cat","embeddable":true,"href":"https:\/\/gabrientum.es\/en\/wp-json\/wp\/v2\/product_cat?post=8428"},{"taxonomy":"product_tag","embeddable":true,"href":"https:\/\/gabrientum.es\/en\/wp-json\/wp\/v2\/product_tag?post=8428"}],"curies":[{"name":"wp","href":"https:\/\/api.w.org\/{rel}","templated":true}]}}