{"id":8551,"date":"2026-01-08T13:00:04","date_gmt":"2026-01-08T12:00:04","guid":{"rendered":"https:\/\/gabrientum.es\/?post_type=product&#038;p=8551"},"modified":"2026-04-14T12:01:12","modified_gmt":"2026-04-14T11:01:12","slug":"perfil-de-esquina-exterior-novolistel-3-aluminio","status":"publish","type":"product","link":"https:\/\/gabrientum.es\/en\/product\/perfil-de-esquina-exterior-novolistel-3-aluminio\/","title":{"rendered":"NOVOLISTEL 3 Aluminum External Corner Profile"},"content":{"rendered":"<p><span style=\"font-size: 14px;\">Perfil de esquina exterior NOVOLISTEL 3 &#8211; fabricado en aluminio y disponible en m\u00e1s de 20 acabados para proteger y decorar la cer\u00e1mica de cualquier estilo y formato. Gracias a su especial dise\u00f1o, puede emplearse como&#8230;<\/span><\/p>\n<ul>\n<li><span style=\"font-size: 14px;\">Listelo decorativo, tanto horizontal como vertical.<\/span><\/li>\n<li><span style=\"font-size: 14px;\">Cantonera para esquinas.<\/span><\/li>\n<li><span style=\"font-size: 14px;\">Separador o transici\u00f3n de pavimentos.<\/span><\/li>\n<li><span style=\"font-size: 14px;\">Pelda\u00f1o de escalera.<\/span><\/li>\n<li><span style=\"font-size: 14px;\">Enmarcador decorativo.<\/span><\/li>\n<li><span style=\"font-size: 14px;\">Remate de cer\u00e1mica.<\/span><\/li>\n<li><span style=\"font-size: 14px;\">Remate de bancada.<\/span><\/li>\n<\/ul>","protected":false},"excerpt":{"rendered":"<p><span style=\"font-size: 14px;\">Perfil de esquina exterior de aluminio para rematar, decorar y proteger la esquina exterior de la pared. La instalaci\u00f3n se realiza simult\u00e1neamente con la de los azulejos cer\u00e1micos.<\/span><\/p>\n<p><span style=\"font-size: 14px;\"><strong>Color:<\/strong> natural, blanco, oro mate, plata mate, oro brillo, cromo, bronce mate, cobre mate, negro mate, grafito mate, blanco mate, negro brillo, champagne<\/span><\/p>\n<p><span style=\"font-size: 14px;\"><strong>Height<\/strong> 8 mm, 10 mm, 12 mm\u00a0 \u00a0 \u00a0<\/span><span style=\"font-size: 14px;\"><strong>Ancho a:<\/strong> 10 mm\u00a0 \u00a0 \u00a0<\/span><span style=\"font-size: 14px;\"><strong>Length:<\/strong> 250 cm<\/span><\/p>","protected":false},"featured_media":8556,"template":"","meta":{"iawp_total_views":12},"product_brand":[],"product_cat":[350],"product_tag":[],"class_list":{"0":"post-8551","1":"product","2":"type-product","3":"status-publish","4":"has-post-thumbnail","6":"product_cat-angulo-exterior","7":"product_shipping_class-emac-perfilesrodapie","9":"first","10":"instock","11":"shipping-taxable","12":"purchasable","13":"product-type-variable"},"aioseo_notices":[],"_links":{"self":[{"href":"https:\/\/gabrientum.es\/en\/wp-json\/wp\/v2\/product\/8551","targetHints":{"allow":["GET"]}}],"collection":[{"href":"https:\/\/gabrientum.es\/en\/wp-json\/wp\/v2\/product"}],"about":[{"href":"https:\/\/gabrientum.es\/en\/wp-json\/wp\/v2\/types\/product"}],"wp:featuredmedia":[{"embeddable":true,"href":"https:\/\/gabrientum.es\/en\/wp-json\/wp\/v2\/media\/8556"}],"wp:attachment":[{"href":"https:\/\/gabrientum.es\/en\/wp-json\/wp\/v2\/media?parent=8551"}],"wp:term":[{"taxonomy":"product_brand","embeddable":true,"href":"https:\/\/gabrientum.es\/en\/wp-json\/wp\/v2\/product_brand?post=8551"},{"taxonomy":"product_cat","embeddable":true,"href":"https:\/\/gabrientum.es\/en\/wp-json\/wp\/v2\/product_cat?post=8551"},{"taxonomy":"product_tag","embeddable":true,"href":"https:\/\/gabrientum.es\/en\/wp-json\/wp\/v2\/product_tag?post=8551"}],"curies":[{"name":"wp","href":"https:\/\/api.w.org\/{rel}","templated":true}]}}