{"id":8636,"date":"2026-01-09T10:11:54","date_gmt":"2026-01-09T09:11:54","guid":{"rendered":"https:\/\/gabrientum.es\/?post_type=product&#038;p=8636"},"modified":"2026-04-14T12:01:12","modified_gmt":"2026-04-14T11:01:12","slug":"perfil-de-esquina-exterior-novocanto-aluminio","status":"publish","type":"product","link":"https:\/\/gabrientum.es\/en\/product\/perfil-de-esquina-exterior-novocanto-aluminio\/","title":{"rendered":"NOVOCANTO aluminum exterior corner profile"},"content":{"rendered":"<p><span style=\"font-size: 14px;\">Perfil de esquina exterior <strong>Novocanto aluminio<\/strong> es un perfil de forma redondeada fabricado en aluminio. Este perfil ha sido dise\u00f1ado para la protecci\u00f3n y decoraci\u00f3n de esquinas en instalaciones cer\u00e1micas de pared, protegiendo de posibles da\u00f1os mec\u00e1nicos y aumentando la durabilidad de la instalaci\u00f3n.\u00a0<\/span><\/p>","protected":false},"excerpt":{"rendered":"<p><span style=\"font-size: 14px;\">Perfil de esquina exterior de aluminio para azulejos que sirve para rematar, decorar y proteger la esquina exterior de la pared. La instalaci\u00f3n se realiza simult\u00e1neamente con la de los azulejos cer\u00e1micos.<\/span><\/p>\n<p><span style=\"font-size: 14px;\"><strong>Color: <\/strong>natural, plata mate, plata brillo, blanco, negro mate, grafito mate, oro mate, oro brillo<\/span><\/p>\n<p><span style=\"font-size: 14px;\"><strong>Height<\/strong> 6 mm, 8 mm, 10 mm, 12 mm, 14 mm<\/span><\/p>\n<p><span style=\"font-size: 14px;\"><strong>Length:<\/strong> 250 cm<\/span><\/p>","protected":false},"featured_media":8654,"template":"","meta":{"iawp_total_views":1},"product_brand":[],"product_cat":[350],"product_tag":[],"class_list":{"0":"post-8636","1":"product","2":"type-product","3":"status-publish","4":"has-post-thumbnail","6":"product_cat-angulo-exterior","7":"product_shipping_class-emac-perfilesrodapie","9":"first","10":"instock","11":"shipping-taxable","12":"purchasable","13":"product-type-variable"},"aioseo_notices":[],"_links":{"self":[{"href":"https:\/\/gabrientum.es\/en\/wp-json\/wp\/v2\/product\/8636","targetHints":{"allow":["GET"]}}],"collection":[{"href":"https:\/\/gabrientum.es\/en\/wp-json\/wp\/v2\/product"}],"about":[{"href":"https:\/\/gabrientum.es\/en\/wp-json\/wp\/v2\/types\/product"}],"wp:featuredmedia":[{"embeddable":true,"href":"https:\/\/gabrientum.es\/en\/wp-json\/wp\/v2\/media\/8654"}],"wp:attachment":[{"href":"https:\/\/gabrientum.es\/en\/wp-json\/wp\/v2\/media?parent=8636"}],"wp:term":[{"taxonomy":"product_brand","embeddable":true,"href":"https:\/\/gabrientum.es\/en\/wp-json\/wp\/v2\/product_brand?post=8636"},{"taxonomy":"product_cat","embeddable":true,"href":"https:\/\/gabrientum.es\/en\/wp-json\/wp\/v2\/product_cat?post=8636"},{"taxonomy":"product_tag","embeddable":true,"href":"https:\/\/gabrientum.es\/en\/wp-json\/wp\/v2\/product_tag?post=8636"}],"curies":[{"name":"wp","href":"https:\/\/api.w.org\/{rel}","templated":true}]}}