{"id":8955,"date":"2026-01-15T21:51:33","date_gmt":"2026-01-15T20:51:33","guid":{"rendered":"https:\/\/gabrientum.es\/?post_type=product&#038;p=8955"},"modified":"2026-04-14T12:03:54","modified_gmt":"2026-04-14T11:03:54","slug":"zocalo-ft2-flex-wallstyl-58x13x2000mm","status":"publish","type":"product","link":"https:\/\/gabrientum.es\/en\/product\/zocalo-ft2-flex-wallstyl-58x13x2000mm\/","title":{"rendered":"Z\u00f3calo FT2 Flex WALLSTYL 58x13x2000mm No\u00ebl &#038; Marquet"},"content":{"rendered":"<p><span style=\"font-size: 14px;\">Z\u00f3calo de pol\u00eduretano WALLSTYL: la soluci\u00f3n ideal para el acabado de su suelo, que combina un dise\u00f1o refinado con durabilidad.<\/span><\/p>\n<p><span style=\"font-size: 14px;\">Made with a material of high density, it offers superior resistance to impacts, scratches and moisture, which makes it perfect for any room, including the bathroom or the kitchen.<\/span><\/p>\n<p><span style=\"font-size: 14px;\">Water resistant: it does not swell or deteriorate with humidity.<\/span><\/p>\n<p><span style=\"font-size: 14px;\">Listo para pintar: la surface viene preimprimada, lo que permite pintarlo en cualquier color para que combine a la perfecci\u00f3n con las paredes.<\/span><\/p>\n<p><span style=\"font-size: 14px;\">Easy installation: it is installed quickly by gluing, aesthetically hiding the cables and the small imperfections on the wall.<\/span><\/p>","protected":false},"excerpt":{"rendered":"<p><span style=\"font-size: 14px;\">Z\u00f3calo FT2 Flex WALLSTYL 58 x 13 x 2000 mm<\/span> <span style=\"font-size: 14px;\">&#8211; fabricado en poliuretano<\/span><\/p>\n<p><span style=\"font-size: 14px;\"><strong data-start=\"211\" data-end=\"221\">Color:<\/strong> white \u2013 primed ready for paint<\/span><\/p>\n<p><span style=\"font-size: 14px;\"><strong data-start=\"284\" data-end=\"295\">Height:<\/strong> 58 mm\u00a0 \u00a0 \u00a0<strong data-start=\"306\" data-end=\"322\">Width:<\/strong> 13 mm\u00a0 \u00a0 \u00a0<strong data-start=\"333\" data-end=\"346\">Length:<\/strong> 200 cm<\/span><\/p>\n<ul>\n<li><span style=\"font-size: 14px;\">shock resistant<\/span><\/li>\n<li><span style=\"font-size: 14px;\">resistant to water and moisture<\/span><\/li>\n<li><span style=\"font-size: 14px;\">dimensionally stable<\/span><\/li>\n<li><span style=\"font-size: 14px;\">fully recyclable<\/span><\/li>\n<li><span style=\"font-size: 14px;\">easy to install<\/span><\/li>\n<li><span style=\"font-size: 14px;\">indoor use<\/span><\/li>\n<\/ul>","protected":false},"featured_media":8930,"template":"","meta":{"iawp_total_views":1},"product_brand":[],"product_cat":[295],"product_tag":[],"class_list":{"0":"post-8955","1":"product","2":"type-product","3":"status-publish","4":"has-post-thumbnail","6":"product_cat-zocalo-hdps","7":"product_shipping_class-nmc-iberica","9":"first","10":"instock","11":"sale","12":"shipping-taxable","13":"purchasable","14":"product-type-simple"},"aioseo_notices":[],"_links":{"self":[{"href":"https:\/\/gabrientum.es\/en\/wp-json\/wp\/v2\/product\/8955","targetHints":{"allow":["GET"]}}],"collection":[{"href":"https:\/\/gabrientum.es\/en\/wp-json\/wp\/v2\/product"}],"about":[{"href":"https:\/\/gabrientum.es\/en\/wp-json\/wp\/v2\/types\/product"}],"wp:featuredmedia":[{"embeddable":true,"href":"https:\/\/gabrientum.es\/en\/wp-json\/wp\/v2\/media\/8930"}],"wp:attachment":[{"href":"https:\/\/gabrientum.es\/en\/wp-json\/wp\/v2\/media?parent=8955"}],"wp:term":[{"taxonomy":"product_brand","embeddable":true,"href":"https:\/\/gabrientum.es\/en\/wp-json\/wp\/v2\/product_brand?post=8955"},{"taxonomy":"product_cat","embeddable":true,"href":"https:\/\/gabrientum.es\/en\/wp-json\/wp\/v2\/product_cat?post=8955"},{"taxonomy":"product_tag","embeddable":true,"href":"https:\/\/gabrientum.es\/en\/wp-json\/wp\/v2\/product_tag?post=8955"}],"curies":[{"name":"wp","href":"https:\/\/api.w.org\/{rel}","templated":true}]}}