{"id":9093,"date":"2026-01-16T15:13:31","date_gmt":"2026-01-16T14:13:31","guid":{"rendered":"https:\/\/gabrientum.es\/?post_type=product&#038;p=9093"},"modified":"2026-04-14T12:01:41","modified_gmt":"2026-04-14T11:01:41","slug":"perfil-para-peldano-novopeldano-lumina-65mm","status":"publish","type":"product","link":"https:\/\/gabrientum.es\/en\/product\/perfil-para-peldano-novopeldano-lumina-65mm\/","title":{"rendered":"Perfil para pelda\u00f1o Novopelda\u00f1o L\u00famina 65mm"},"content":{"rendered":"<p><span style=\"font-size: 14px;\">Stair nosing profile \u2013 stair nosing with a photoluminescent strip that helps comply with the most stringent emergency signage regulations. It also features a non-slip surface and is installed after tiling. Ideal for high-traffic public areas.<\/span><\/p>\n<p><span style=\"font-size: 14px;\">Novopelda\u00f1o L\u00famina is a slim design stair profile with a non-slip grooved surface and a thin, high-performance photoluminescent strip that emits light in situations of sudden darkness, serving as a decorative profile and as a guide for evacuation.<\/span><\/p>\n<p><span style=\"font-size: 14px;\">Due to its design and the high quality of its materials, it is ideal for both residential and public areas, exhibiting high resistance to wear and tear and being suitable for both exterior and interior use.<\/span><\/p>","protected":false},"excerpt":{"rendered":"<p><span style=\"font-size: 14px;\">Perfil para pelda\u00f1o Novopelda\u00f1o Lumina 65mm \u2013 perfil de escalera de aluminio<\/span><\/p>\n<p><strong><span style=\"font-size: 14px;\">Dimensions:\u00a0<\/span><\/strong><span style=\"font-size: 14px;\">a 65 mm &#8211; h 40 mm<\/span><\/p>\n<p><span style=\"font-size: 14px;\"><strong>Color:<\/strong> matt silver + <\/span><span style=\"font-size: 14px;\">yellow strip<\/span><\/p>","protected":false},"featured_media":9098,"template":"","meta":{"iawp_total_views":0},"product_brand":[],"product_cat":[297],"product_tag":[],"class_list":{"0":"post-9093","1":"product","2":"type-product","3":"status-publish","4":"has-post-thumbnail","6":"product_cat-peldanos-de-escalera","7":"product_shipping_class-emac-perfilesrodapie","9":"first","10":"instock","11":"sale","12":"shipping-taxable","13":"purchasable","14":"product-type-simple"},"aioseo_notices":[],"_links":{"self":[{"href":"https:\/\/gabrientum.es\/en\/wp-json\/wp\/v2\/product\/9093","targetHints":{"allow":["GET"]}}],"collection":[{"href":"https:\/\/gabrientum.es\/en\/wp-json\/wp\/v2\/product"}],"about":[{"href":"https:\/\/gabrientum.es\/en\/wp-json\/wp\/v2\/types\/product"}],"wp:featuredmedia":[{"embeddable":true,"href":"https:\/\/gabrientum.es\/en\/wp-json\/wp\/v2\/media\/9098"}],"wp:attachment":[{"href":"https:\/\/gabrientum.es\/en\/wp-json\/wp\/v2\/media?parent=9093"}],"wp:term":[{"taxonomy":"product_brand","embeddable":true,"href":"https:\/\/gabrientum.es\/en\/wp-json\/wp\/v2\/product_brand?post=9093"},{"taxonomy":"product_cat","embeddable":true,"href":"https:\/\/gabrientum.es\/en\/wp-json\/wp\/v2\/product_cat?post=9093"},{"taxonomy":"product_tag","embeddable":true,"href":"https:\/\/gabrientum.es\/en\/wp-json\/wp\/v2\/product_tag?post=9093"}],"curies":[{"name":"wp","href":"https:\/\/api.w.org\/{rel}","templated":true}]}}