{"id":9679,"date":"2026-01-16T22:49:26","date_gmt":"2026-01-16T21:49:26","guid":{"rendered":"https:\/\/gabrientum.es\/?post_type=product&#038;p=9679"},"modified":"2026-05-09T10:23:32","modified_gmt":"2026-05-09T09:23:32","slug":"rodapie-de-aluminio-oro-cepillado-alluboard","status":"publish","type":"product","link":"https:\/\/gabrientum.es\/en\/product\/rodapie-de-aluminio-oro-cepillado-alluboard\/","title":{"rendered":"ALLUboard brushed gold aluminum skirting board"},"content":{"rendered":"<p class=\"p1\"><span style=\"font-size: 14px;\">Rodapi\u00e9 de aluminio &#8211; f\u00e1cil instalaci\u00f3n.<\/span><\/p>\n<p class=\"p1\"><span style=\"font-size: 14px;\">Its lower lip allows the perimeter joint to be hidden, thus allowing the expansion of the pavement.<\/span><\/p>","protected":false},"excerpt":{"rendered":"<p><span style=\"font-size: 14px;\">ALLUboard aluminum skirting board<\/span><\/p>\n<p><span style=\"font-size: 14px;\"><strong data-start=\"211\" data-end=\"221\">Color:<\/strong> brushed gold<\/span><\/p>\n<p><span style=\"font-size: 14px;\"><strong data-start=\"284\" data-end=\"295\">Height:<\/strong> 60 mm\u00a0 \u00a0 \u00a0<strong data-start=\"306\" data-end=\"322\">Width:<\/strong> 11 mm\u00a0 \u00a0 \u00a0<strong data-start=\"333\" data-end=\"346\">Length:<\/strong> 200 cm<\/span><\/p>\n<p><span style=\"font-size: 14px;\"><strong>Origin:<\/strong> Italy<\/span><\/p>\n<p><span style=\"font-size: 14px;\"><em>Pedido m\u00ednimo de 20 unidades \u2013 entrega desde almac\u00e9n internacional<\/em><\/span><\/p>","protected":false},"featured_media":10102,"template":"","meta":{"iawp_total_views":2},"product_brand":[],"product_cat":[243],"product_tag":[],"class_list":{"0":"post-9679","1":"product","2":"type-product","3":"status-publish","4":"has-post-thumbnail","6":"product_cat-rodapie-aluminio","7":"product_shipping_class-unydeco-direct","9":"first","10":"instock","11":"shipping-taxable","12":"purchasable","13":"product-type-simple"},"aioseo_notices":[],"_links":{"self":[{"href":"https:\/\/gabrientum.es\/en\/wp-json\/wp\/v2\/product\/9679","targetHints":{"allow":["GET"]}}],"collection":[{"href":"https:\/\/gabrientum.es\/en\/wp-json\/wp\/v2\/product"}],"about":[{"href":"https:\/\/gabrientum.es\/en\/wp-json\/wp\/v2\/types\/product"}],"wp:featuredmedia":[{"embeddable":true,"href":"https:\/\/gabrientum.es\/en\/wp-json\/wp\/v2\/media\/10102"}],"wp:attachment":[{"href":"https:\/\/gabrientum.es\/en\/wp-json\/wp\/v2\/media?parent=9679"}],"wp:term":[{"taxonomy":"product_brand","embeddable":true,"href":"https:\/\/gabrientum.es\/en\/wp-json\/wp\/v2\/product_brand?post=9679"},{"taxonomy":"product_cat","embeddable":true,"href":"https:\/\/gabrientum.es\/en\/wp-json\/wp\/v2\/product_cat?post=9679"},{"taxonomy":"product_tag","embeddable":true,"href":"https:\/\/gabrientum.es\/en\/wp-json\/wp\/v2\/product_tag?post=9679"}],"curies":[{"name":"wp","href":"https:\/\/api.w.org\/{rel}","templated":true}]}}