{"id":9928,"date":"2026-01-17T13:37:05","date_gmt":"2026-01-17T12:37:05","guid":{"rendered":"https:\/\/gabrientum.es\/?post_type=product&#038;p=9928"},"modified":"2026-04-13T08:58:55","modified_gmt":"2026-04-13T07:58:55","slug":"rincon-angulo-interior-alluboard","status":"publish","type":"product","link":"https:\/\/gabrientum.es\/en\/product\/rincon-angulo-interior-alluboard\/","title":{"rendered":"ALLUboard inner corner corner"},"content":{"rendered":"<p><span style=\"font-size: 14px;\">ALLUboard inner corner corner<\/span><\/p>","protected":false},"excerpt":{"rendered":"<p><span style=\"font-size: 14px;\">Rinc\u00f3n \u00e1ngulo interior ALLUboard &#8211; fabricado en pl\u00e1stico<\/span><\/p>\n<p><span style=\"font-size: 14px;\">Entregado en un paquete de 3 piezas.<\/span><\/p>\n<p><span style=\"font-size: 14px;\">El precio es por 1 paquete.<\/span><\/p>","protected":false},"featured_media":9788,"template":"","meta":{"iawp_total_views":5},"product_brand":[],"product_cat":[243],"product_tag":[],"class_list":{"0":"post-9928","1":"product","2":"type-product","3":"status-publish","4":"has-post-thumbnail","6":"product_cat-rodapie-aluminio","7":"product_shipping_class-unydeco-direct","9":"first","10":"instock","11":"shipping-taxable","12":"purchasable","13":"product-type-variable"},"aioseo_notices":[],"_links":{"self":[{"href":"https:\/\/gabrientum.es\/en\/wp-json\/wp\/v2\/product\/9928","targetHints":{"allow":["GET"]}}],"collection":[{"href":"https:\/\/gabrientum.es\/en\/wp-json\/wp\/v2\/product"}],"about":[{"href":"https:\/\/gabrientum.es\/en\/wp-json\/wp\/v2\/types\/product"}],"wp:featuredmedia":[{"embeddable":true,"href":"https:\/\/gabrientum.es\/en\/wp-json\/wp\/v2\/media\/9788"}],"wp:attachment":[{"href":"https:\/\/gabrientum.es\/en\/wp-json\/wp\/v2\/media?parent=9928"}],"wp:term":[{"taxonomy":"product_brand","embeddable":true,"href":"https:\/\/gabrientum.es\/en\/wp-json\/wp\/v2\/product_brand?post=9928"},{"taxonomy":"product_cat","embeddable":true,"href":"https:\/\/gabrientum.es\/en\/wp-json\/wp\/v2\/product_cat?post=9928"},{"taxonomy":"product_tag","embeddable":true,"href":"https:\/\/gabrientum.es\/en\/wp-json\/wp\/v2\/product_tag?post=9928"}],"curies":[{"name":"wp","href":"https:\/\/api.w.org\/{rel}","templated":true}]}}